{"id":3514,"date":"2025-09-09T09:58:55","date_gmt":"2025-09-09T12:58:55","guid":{"rendered":"https:\/\/www.ee.usp.br\/proesa\/?page_id=3514"},"modified":"2026-02-13T15:21:00","modified_gmt":"2026-02-13T18:21:00","slug":"processo-seletivo-doutorado","status":"publish","type":"page","link":"https:\/\/www.ee.usp.br\/proesa\/processo-seletivo-doutorado","title":{"rendered":"Processo seletivo para o curso de Doutorado do PROESA \u2013 Inscri\u00e7\u00f5es em fluxo cont\u00ednuo de 16\/02 a 30\/10\/2026"},"content":{"rendered":"<p>\u00bb <span style=\"color: #000080\"><a href=\"https:\/\/www.ee.usp.br\/proesa\/wp-content\/uploads\/2026\/02\/edital-ee-0326-proesa-doutorado.pdf\" target=\"_blank\" rel=\"noopener\"><span style=\"color: #0000ff\">Edital EE 03\/2026<\/span><\/a><\/span><\/p>\n<p>\u00bb <a href=\"http:\/\/www2.ee.usp.br\/financeiro\/boleto\/boleto_proesa.php\" target=\"_blank\" rel=\"noopener\"><span style=\"color: #0000ff\">Link para a emiss\u00e3o do boleto banc\u00e1rio<\/span><\/a><\/p>\n<p>\u00bb <a href=\"https:\/\/www.ee.usp.br\/proesa\/wp-content\/uploads\/2025\/10\/requerimento-de-inscricao-102025.docx\" target=\"_blank\" rel=\"noopener\"><span style=\"color: #0000ff\">Requerimento de Inscri\u00e7\u00e3o<\/span><\/a><\/p>\n<p>\u00bb <a href=\"https:\/\/www.ee.usp.br\/proesa\/wp-content\/uploads\/2026\/02\/parecer-provavel-orientadora.docx\" target=\"_blank\" rel=\"noopener\"><span style=\"color: #0000ff\">Parecer do(a) prov\u00e1vel orientador(a)<\/span><\/a><\/p>\n<p>\u00bb <a href=\"https:\/\/www.ee.usp.br\/proesa\/wp-content\/uploads\/2025\/10\/autodeclaracaoetnicoracial-202510.docx\" target=\"_blank\" rel=\"noopener\"><span style=\"color: #0000ff\">Autodeclara\u00e7\u00e3o \u00c9tnico-Racial<\/span><\/a><\/p>\n<p>&nbsp;<\/p>\n<p><span style=\"color: #000080\"><strong>Formul\u00e1rios de MATR\u00cdCULA<\/strong><\/span><\/p>\n<p>\u00bb <a href=\"https:\/\/www.ee.usp.br\/proesa\/wp-content\/uploads\/2026\/01\/declaracao-disponibilidade.docx\" target=\"_blank\" rel=\"noopener\"><span style=\"color: #0000ff\">Carta de disponibilidade<\/span><\/a><\/p>\n<p>\u00bb <a href=\"https:\/\/www.ee.usp.br\/proesa\/wp-content\/uploads\/2026\/01\/termo-de-compromisso.docx\" target=\"_blank\" rel=\"noopener\"><span style=\"color: #0000ff\">Termo de compromisso<\/span><\/a><\/p>\n","protected":false},"excerpt":{"rendered":"<p>\u00bb Edital EE 03\/2026 \u00bb Link para a emiss\u00e3o do boleto banc\u00e1rio \u00bb Requerimento de Inscri\u00e7\u00e3o \u00bb Parecer do(a) prov\u00e1vel orientador(a) \u00bb Autodeclara\u00e7\u00e3o \u00c9tnico-Racial &nbsp; Formul\u00e1rios de MATR\u00cdCULA \u00bb Carta de disponibilidade \u00bb Termo de compromisso<\/p>\n","protected":false},"author":2,"featured_media":0,"parent":0,"menu_order":0,"comment_status":"closed","ping_status":"closed","template":"","meta":{"_acf_changed":false,"footnotes":""},"class_list":["post-3514","page","type-page","status-publish","hentry"],"acf":[],"_links":{"self":[{"href":"https:\/\/www.ee.usp.br\/proesa\/wp-json\/wp\/v2\/pages\/3514","targetHints":{"allow":["GET"]}}],"collection":[{"href":"https:\/\/www.ee.usp.br\/proesa\/wp-json\/wp\/v2\/pages"}],"about":[{"href":"https:\/\/www.ee.usp.br\/proesa\/wp-json\/wp\/v2\/types\/page"}],"author":[{"embeddable":true,"href":"https:\/\/www.ee.usp.br\/proesa\/wp-json\/wp\/v2\/users\/2"}],"replies":[{"embeddable":true,"href":"https:\/\/www.ee.usp.br\/proesa\/wp-json\/wp\/v2\/comments?post=3514"}],"version-history":[{"count":20,"href":"https:\/\/www.ee.usp.br\/proesa\/wp-json\/wp\/v2\/pages\/3514\/revisions"}],"predecessor-version":[{"id":3990,"href":"https:\/\/www.ee.usp.br\/proesa\/wp-json\/wp\/v2\/pages\/3514\/revisions\/3990"}],"wp:attachment":[{"href":"https:\/\/www.ee.usp.br\/proesa\/wp-json\/wp\/v2\/media?parent=3514"}],"curies":[{"name":"wp","href":"https:\/\/api.w.org\/{rel}","templated":true}]}}