{"id":341,"date":"2023-03-14T18:03:50","date_gmt":"2023-03-14T21:03:50","guid":{"rendered":"https:\/\/www.ee.usp.br\/proesa\/?page_id=341"},"modified":"2026-05-13T15:29:45","modified_gmt":"2026-05-13T18:29:45","slug":"disciplinas","status":"publish","type":"page","link":"https:\/\/www.ee.usp.br\/proesa\/disciplinas","title":{"rendered":"Disciplinas"},"content":{"rendered":"\t\t<div data-elementor-type=\"wp-page\" data-elementor-id=\"341\" class=\"elementor elementor-341\">\n\t\t\t\t\t\t<section class=\"elementor-section elementor-top-section elementor-element elementor-element-7d5068d5 elementor-section-boxed elementor-section-height-default elementor-section-height-default\" data-id=\"7d5068d5\" data-element_type=\"section\" data-e-type=\"section\">\n\t\t\t\t\t\t<div class=\"elementor-container elementor-column-gap-default\">\n\t\t\t\t\t<div class=\"elementor-column elementor-col-100 elementor-top-column elementor-element elementor-element-413ff482\" data-id=\"413ff482\" data-element_type=\"column\" data-e-type=\"column\">\n\t\t\t<div class=\"elementor-widget-wrap elementor-element-populated\">\n\t\t\t\t\t\t<div class=\"elementor-element elementor-element-f2682c6 elementor-button-success elementor-align-center elementor-widget elementor-widget-button\" data-id=\"f2682c6\" data-element_type=\"widget\" data-e-type=\"widget\" data-widget_type=\"button.default\">\n\t\t\t\t<div class=\"elementor-widget-container\">\n\t\t\t\t\t\t\t\t\t<div class=\"elementor-button-wrapper\">\n\t\t\t\t\t<a class=\"elementor-button elementor-button-link elementor-size-xl elementor-animation-grow\" href=\"https:\/\/www.ee.usp.br\/proesa\/wp-content\/uploads\/2026\/05\/quadro-de-disciplinas-proesa-20261.pdf\" target=\"_blank\">\n\t\t\t\t\t\t<span class=\"elementor-button-content-wrapper\">\n\t\t\t\t\t\t\t\t\t<span class=\"elementor-button-text\">DISCIPLINAS OFERECIDAS - PROESA - 1\u00b0 SEMESTRE DE 2026<\/span>\n\t\t\t\t\t<\/span>\n\t\t\t\t\t<\/a>\n\t\t\t\t<\/div>\n\t\t\t\t\t\t\t\t<\/div>\n\t\t\t\t<\/div>\n\t\t\t\t<div class=\"elementor-element elementor-element-179177d elementor-button-success elementor-align-center elementor-widget elementor-widget-button\" data-id=\"179177d\" data-element_type=\"widget\" data-e-type=\"widget\" data-widget_type=\"button.default\">\n\t\t\t\t<div class=\"elementor-widget-container\">\n\t\t\t\t\t\t\t\t\t<div class=\"elementor-button-wrapper\">\n\t\t\t\t\t<a class=\"elementor-button elementor-button-link elementor-size-xl elementor-animation-grow\" href=\"https:\/\/uspdigital.usp.br\/janus\/componente\/disciplinasOferecidasInicial.jsf\" target=\"_blank\">\n\t\t\t\t\t\t<span class=\"elementor-button-content-wrapper\">\n\t\t\t\t\t\t\t\t\t<span class=\"elementor-button-text\">DISCIPLINAS OFERECIDAS NAS DEMAIS UNIDADES DA USP \u2013 1\u00b0 SEMESTRE DE 2026<\/span>\n\t\t\t\t\t<\/span>\n\t\t\t\t\t<\/a>\n\t\t\t\t<\/div>\n\t\t\t\t\t\t\t\t<\/div>\n\t\t\t\t<\/div>\n\t\t\t\t<div class=\"elementor-element elementor-element-ba86cc0 elementor-button-success elementor-align-center elementor-widget elementor-widget-button\" data-id=\"ba86cc0\" data-element_type=\"widget\" data-e-type=\"widget\" data-widget_type=\"button.default\">\n\t\t\t\t<div class=\"elementor-widget-container\">\n\t\t\t\t\t\t\t\t\t<div class=\"elementor-button-wrapper\">\n\t\t\t\t\t<a class=\"elementor-button elementor-button-link elementor-size-xl elementor-animation-grow\" href=\"https:\/\/uspdigital.usp.br\/janus\/componente\/disciplinasOferecidasInglesInicial.jsf\" target=\"_blank\">\n\t\t\t\t\t\t<span class=\"elementor-button-content-wrapper\">\n\t\t\t\t\t\t\t\t\t<span class=\"elementor-button-text\">DISCIPLINAS OFERECIDAS EM INGL\u00caS NA USP \u2013 1\u00b0 SEMESTRE DE 2026<\/span>\n\t\t\t\t\t<\/span>\n\t\t\t\t\t<\/a>\n\t\t\t\t<\/div>\n\t\t\t\t\t\t\t\t<\/div>\n\t\t\t\t<\/div>\n\t\t\t\t<div class=\"elementor-element elementor-element-4fe2aa56 elementor-widget elementor-widget-text-editor\" data-id=\"4fe2aa56\" data-element_type=\"widget\" data-e-type=\"widget\" data-widget_type=\"text-editor.default\">\n\t\t\t\t<div class=\"elementor-widget-container\">\n\t\t\t\t\t\t\t\t\t<p><span style=\"color: #000080\"><strong><span style=\"font-size: 18pt\">Cat\u00e1logo de disciplinas da EEUSP<\/span><\/strong><\/span><\/p><h4>7002 Enfermagem na Sa\u00fade do Adulto<\/h4><p>7139 &#8211; <span style=\"text-decoration: underline\"><a href=\"https:\/\/uspdigital.usp.br\/janus\/DisLista?codare=7139&amp;codcpg=7&amp;origem=C\" target=\"_blank\" rel=\"noopener\">Enfermagem na Sa\u00fade do Adulto<\/a><\/span><\/p><hr \/><h4>7001 Enfermagem<\/h4><p>7141 &#8211; <span style=\"text-decoration: underline\"><a href=\"https:\/\/uspdigital.usp.br\/janus\/DisLista?codare=7141&amp;codcpg=7&amp;origem=C\" target=\"_blank\" rel=\"noopener\">Cuidado em Sa\u00fade<\/a><\/span><br \/>7143 &#8211; <span style=\"text-decoration: underline\"><a href=\"https:\/\/uspdigital.usp.br\/janus\/DisLista?codare=7143&amp;codcpg=7&amp;origem=C\" target=\"_blank\" rel=\"noopener\">Enfermagem em Sa\u00fade Coletiva<\/a><\/span><\/p><hr \/><h4>7003 Gerenciamento em Enfermagem<\/h4><p>7140 &#8211; <span style=\"text-decoration: underline\"><a href=\"https:\/\/uspdigital.usp.br\/janus\/DisLista?codare=7140&amp;codcpg=7&amp;origem=C\" target=\"_blank\" rel=\"noopener\">Fundamentos e Pr\u00e1ticas de Gerenciamento em Enfermagem e em Sa\u00fade<\/a><\/span><\/p><hr \/><h4>7005 Mestrado Profissional em Enfermagem na Aten\u00e7\u00e3o Prim\u00e1ria em Sa\u00fade no Sistema \u00danico de Sa\u00fade<\/h4><p>7144 &#8211;<u>\u00a0<a href=\"https:\/\/uspdigital.usp.br\/janus\/DisLista?codare=7144&amp;codcpg=7&amp;origem=C\" target=\"_blank\" rel=\"noopener\">Cuidado em Aten\u00e7\u00e3o Prim\u00e1ria em Sa\u00fade<\/a><\/u><\/p><hr \/><h4>7099 Escola de Enfermagem<\/h4><p>7499 &#8211; <span style=\"text-decoration: underline\"><a href=\"https:\/\/uspdigital.usp.br\/janus\/DisLista?codare=7499&amp;codcpg=7&amp;origem=C\" target=\"_blank\" rel=\"noopener\">Escola de Enfermagem<\/a><\/span><\/p><hr \/><h4>83131 Programa Interunidades de Doutoramento em Enfermagem dos campi de S\u00e3o Paulo e de Ribeir\u00e3o Preto (disciplinas iniciadas com os c\u00f3digos ENS e ENP s\u00e3o ministradas em S\u00e3o Paulo).<\/h4><p>83131 &#8211;\u00a0<span style=\"text-decoration: underline\"><a class=\"link_gray\" href=\"https:\/\/uspdigital.usp.br\/janus\/DisLista?codare=83131&amp;codcpg=83&amp;origem=C\" target=\"_blank\" rel=\"noopener\">Enfermagem<\/a><\/span><\/p><hr style=\"color: #7a7a7a;border-right-style: initial;border-bottom-style: initial;border-left-style: initial;background-color: #ffffff\" \/><h4>\u00a0<\/h4><p><span style=\"text-decoration: underline\"><a href=\"https:\/\/uspdigital.usp.br\/janus\/componente\/catalogoDisciplinasInicial.jsf\" target=\"_blank\" rel=\"noopener\"><span style=\"color: #000080;text-decoration: underline\"><strong><span style=\"font-size: 18pt\">Cat\u00e1logo de disciplinas da USP<\/span><\/strong><\/span><\/a><\/span><\/p>\t\t\t\t\t\t\t\t<\/div>\n\t\t\t\t<\/div>\n\t\t\t\t\t<\/div>\n\t\t<\/div>\n\t\t\t\t\t<\/div>\n\t\t<\/section>\n\t\t\t\t<\/div>\n\t\t","protected":false},"excerpt":{"rendered":"<p>DISCIPLINAS OFERECIDAS &#8211; PROESA &#8211; 1\u00b0 SEMESTRE DE 2026 DISCIPLINAS OFERECIDAS NAS DEMAIS UNIDADES DA USP \u2013 1\u00b0 SEMESTRE DE 2026 DISCIPLINAS OFERECIDAS EM INGL\u00caS NA USP \u2013 1\u00b0 SEMESTRE DE 2026 Cat\u00e1logo de disciplinas da EEUSP 7002 Enfermagem na Sa\u00fade do Adulto 7139 &#8211; Enfermagem na Sa\u00fade do Adulto 7001 Enfermagem 7141 &#8211; Cuidado [&hellip;]<\/p>\n","protected":false},"author":1,"featured_media":0,"parent":0,"menu_order":0,"comment_status":"closed","ping_status":"closed","template":"","meta":{"_acf_changed":false,"footnotes":""},"class_list":["post-341","page","type-page","status-publish","hentry"],"acf":[],"_links":{"self":[{"href":"https:\/\/www.ee.usp.br\/proesa\/wp-json\/wp\/v2\/pages\/341","targetHints":{"allow":["GET"]}}],"collection":[{"href":"https:\/\/www.ee.usp.br\/proesa\/wp-json\/wp\/v2\/pages"}],"about":[{"href":"https:\/\/www.ee.usp.br\/proesa\/wp-json\/wp\/v2\/types\/page"}],"author":[{"embeddable":true,"href":"https:\/\/www.ee.usp.br\/proesa\/wp-json\/wp\/v2\/users\/1"}],"replies":[{"embeddable":true,"href":"https:\/\/www.ee.usp.br\/proesa\/wp-json\/wp\/v2\/comments?post=341"}],"version-history":[{"count":148,"href":"https:\/\/www.ee.usp.br\/proesa\/wp-json\/wp\/v2\/pages\/341\/revisions"}],"predecessor-version":[{"id":4097,"href":"https:\/\/www.ee.usp.br\/proesa\/wp-json\/wp\/v2\/pages\/341\/revisions\/4097"}],"wp:attachment":[{"href":"https:\/\/www.ee.usp.br\/proesa\/wp-json\/wp\/v2\/media?parent=341"}],"curies":[{"name":"wp","href":"https:\/\/api.w.org\/{rel}","templated":true}]}}