{"id":252,"date":"2023-03-14T16:45:25","date_gmt":"2023-03-14T19:45:25","guid":{"rendered":"https:\/\/www.ee.usp.br\/proesa\/?page_id=252"},"modified":"2026-01-26T18:07:13","modified_gmt":"2026-01-26T21:07:13","slug":"normas","status":"publish","type":"page","link":"https:\/\/www.ee.usp.br\/proesa\/normas","title":{"rendered":"Normas"},"content":{"rendered":"\t\t<div data-elementor-type=\"wp-page\" data-elementor-id=\"252\" class=\"elementor elementor-252\">\n\t\t\t\t\t\t<section class=\"elementor-section elementor-top-section elementor-element elementor-element-0b6d37c elementor-section-boxed elementor-section-height-default elementor-section-height-default\" data-id=\"0b6d37c\" data-element_type=\"section\" data-e-type=\"section\">\n\t\t\t\t\t\t<div class=\"elementor-container elementor-column-gap-default\">\n\t\t\t\t\t<div class=\"elementor-column elementor-col-33 elementor-top-column elementor-element elementor-element-2789fed\" data-id=\"2789fed\" data-element_type=\"column\" data-e-type=\"column\">\n\t\t\t<div class=\"elementor-widget-wrap elementor-element-populated\">\n\t\t\t\t\t\t<div class=\"elementor-element elementor-element-4df74ff elementor-widget elementor-widget-image\" data-id=\"4df74ff\" data-element_type=\"widget\" data-e-type=\"widget\" data-widget_type=\"image.default\">\n\t\t\t\t<div class=\"elementor-widget-container\">\n\t\t\t\t\t\t\t\t\t\t\t\t\t\t\t<img fetchpriority=\"high\" decoding=\"async\" width=\"372\" height=\"727\" src=\"https:\/\/www.ee.usp.br\/proesa\/wp-content\/uploads\/2023\/03\/normas.jpg\" class=\"attachment-large size-large wp-image-254\" alt=\"\" srcset=\"https:\/\/www.ee.usp.br\/proesa\/wp-content\/uploads\/2023\/03\/normas.jpg 372w, https:\/\/www.ee.usp.br\/proesa\/wp-content\/uploads\/2023\/03\/normas-77x150.jpg 77w, https:\/\/www.ee.usp.br\/proesa\/wp-content\/uploads\/2023\/03\/normas-137x268.jpg 137w\" sizes=\"(max-width: 372px) 100vw, 372px\" \/>\t\t\t\t\t\t\t\t\t\t\t\t\t\t\t<\/div>\n\t\t\t\t<\/div>\n\t\t\t\t\t<\/div>\n\t\t<\/div>\n\t\t\t\t<div class=\"elementor-column elementor-col-66 elementor-top-column elementor-element elementor-element-b0cad7f\" data-id=\"b0cad7f\" data-element_type=\"column\" data-e-type=\"column\">\n\t\t\t<div class=\"elementor-widget-wrap elementor-element-populated\">\n\t\t\t\t\t\t<div class=\"elementor-element elementor-element-08cdef6 elementor-widget elementor-widget-text-editor\" data-id=\"08cdef6\" data-element_type=\"widget\" data-e-type=\"widget\" data-widget_type=\"text-editor.default\">\n\t\t\t\t<div class=\"elementor-widget-container\">\n\t\t\t\t\t\t\t\t\t<p><span style=\"font-family: 'OpenSans Condensed Bold';font-size: 25px;color: var( --e-global-color-text );background-color: var(--bs-body-bg);text-align: var(--bs-body-text-align)\">NORMAS PARA ALUNOS(AS) QUE INGRESSARAM AT\u00c9 22\/11\/2023 E N\u00c3O SOLICITARAM MUDAN\u00c7A DE REGULAMENTO OU DE CURSO<\/span><\/p>\n<p><span style=\"font-family: verdana, geneva, sans-serif\"><a style=\"font-weight: var( --e-global-typography-text-font-weight );background-color: var(--bs-body-bg);font-size: clamp(1rem, 0.5184rem + 2.0548vw, 1.375rem);text-align: var(--bs-body-text-align)\" href=\"https:\/\/leginf.usp.br\/?resolucao=resolucao-no-7493-de-27-de-marco-de-2018-copy\" target=\"_blank\" rel=\"noopener\"><span style=\"font-size: 18pt\"><span style=\"font-family: georgia, palatino, serif\">\u00bb 2018 &#8211; Regimento de P\u00f3s-Gradua\u00e7\u00e3o da USP<\/span><\/span><\/a><\/span><\/p>\n<p><span style=\"font-family: georgia, palatino, serif;font-size: 18pt\"><a style=\"font-weight: var( --e-global-typography-text-font-weight );background-color: var(--bs-body-bg);text-align: var(--bs-body-text-align)\" href=\"https:\/\/www.ee.usp.br\/proesa\/wp-content\/uploads\/2023\/10\/regimento-cpg-18092019.pdf\" target=\"_blank\" rel=\"noopener\">\u00bb 2019 &#8211; Regimento da CPG da EEUSP<\/a><\/span><\/p>\n<p><span style=\"font-family: georgia, palatino, serif;font-size: 18pt\"><a style=\"font-weight: var( --e-global-typography-text-font-weight );background-color: var(--bs-body-bg);text-align: var(--bs-body-text-align)\" href=\"https:\/\/www.ee.usp.br\/proesa\/wp-content\/uploads\/2023\/10\/regulamento-proesa-18092019.pdf\" target=\"_blank\" rel=\"noopener\">\u00bb 2019 &#8211; Regulamento do PROESA<\/a><\/span><\/p>\n<p><span style=\"font-family: georgia, palatino, serif;font-size: 18pt\"><a style=\"font-weight: var( --e-global-typography-text-font-weight );background-color: var(--bs-body-bg);text-align: var(--bs-body-text-align)\" href=\"https:\/\/www.ee.usp.br\/proesa\/wp-content\/uploads\/2024\/12\/orientacoes-inscricao-eq-proesa-122024.pdf\" target=\"_blank\" rel=\"noopener\">\u00bb Orienta\u00e7\u00f5es para inscri\u00e7\u00e3o no Exame de Qualifica\u00e7\u00e3o<\/a><\/span><\/p>\n<p><span style=\"font-family: georgia, palatino, serif;font-size: 18pt\"><a href=\"https:\/\/www.ee.usp.br\/proesa\/wp-content\/uploads\/2023\/10\/orientacoes-tcc-coletanea-artigosxdireitos-autorais.pdf\" target=\"_blank\" rel=\"noopener\">\u00bb Orienta\u00e7\u00f5es para o dep\u00f3sito de tese em forma de colet\u00e2nea de artigos<\/a><\/span><\/p>\n<hr>\n<p><span style=\"font-family: 'OpenSans Condensed Bold';font-size: 25px;color: var( --e-global-color-text );background-color: var(--bs-body-bg);text-align: var(--bs-body-text-align)\">NORMAS PARA ALUNOS(AS) QUE INGRESSARAM (OU SOLICITARAM MUDAN\u00c7A DE REGULAMENTO OU DE CURSO) ENTRE 23\/11\/2023 E 07\/04\/2024<\/span><\/p>\n<p><span style=\"font-family: verdana, geneva, sans-serif\"><a style=\"font-weight: var( --e-global-typography-text-font-weight );background-color: var(--bs-body-bg);font-size: clamp(1rem, 0.5184rem + 2.0548vw, 1.375rem);text-align: var(--bs-body-text-align)\" href=\"https:\/\/leginf.usp.br\/?resolucao=resolucao-no-7493-de-27-de-marco-de-2018-copy\" target=\"_blank\" rel=\"noopener\"><span style=\"font-size: 18pt\"><span style=\"font-family: georgia, palatino, serif\">\u00bb 2018 &#8211; Regimento de P\u00f3s-Gradua\u00e7\u00e3o da USP<\/span><\/span><\/a><\/span><\/p>\n<p><span style=\"font-family: georgia, palatino, serif;font-size: 18pt\"><a style=\"font-weight: var( --e-global-typography-text-font-weight );background-color: var(--bs-body-bg);text-align: var(--bs-body-text-align)\" href=\"https:\/\/www.ee.usp.br\/proesa\/wp-content\/uploads\/2023\/10\/regimento-cpg-18092019.pdf\" target=\"_blank\" rel=\"noopener\">\u00bb 2019 &#8211; Regimento da CPG da EEUSP<\/a><\/span><\/p>\n<p><span style=\"font-size: 18pt;font-family: georgia, palatino, serif\"><a href=\"https:\/\/www.ee.usp.br\/proesa\/wp-content\/uploads\/2023\/12\/regulamento-proesa-2023.pdf\" target=\"_blank\" rel=\"noopener\">\u00bb 2023 &#8211; Regulamento do PROESA<\/a><\/span><\/p>\n<p><a href=\"https:\/\/www.ee.usp.br\/proesa\/wp-content\/uploads\/2024\/12\/orientacoes-inscricao-eq-proesa-122024.pdf\" target=\"_blank\" rel=\"noopener\"><span style=\"font-family: georgia, palatino, serif;font-size: 18pt\">\u00bb Orienta\u00e7\u00f5es para inscri\u00e7\u00e3o no Exame de Qualifica\u00e7\u00e3o<\/span><\/a><\/p>\n<p><span style=\"font-family: georgia, palatino, serif;font-size: 18pt\"><a href=\"https:\/\/www.ee.usp.br\/proesa\/wp-content\/uploads\/2023\/10\/orientacoes-tcc-coletanea-artigosxdireitos-autorais.pdf\" target=\"_blank\" rel=\"noopener\">\u00bb Orienta\u00e7\u00f5es para o dep\u00f3sito de tese em forma de colet\u00e2nea de artigos<\/a><\/span><\/p>\n<hr>\n<p><span style=\"font-family: 'OpenSans Condensed Bold';font-size: 25px;color: var( --e-global-color-text );background-color: var(--bs-body-bg);text-align: var(--bs-body-text-align)\">NORMAS PARA ALUNOS(AS)&nbsp;<\/span><span style=\"font-family: 'OpenSans Condensed Bold';font-size: 25px;color: var( --e-global-color-text );background-color: var(--bs-body-bg);text-align: var(--bs-body-text-align)\">QUE INGRESSARAM (OU SOLICITARAM MUDAN\u00c7A DE REGULAMENTO OU DE CURSO) ENTRE <\/span><span style=\"font-family: 'OpenSans Condensed Bold';font-size: 25px;color: var( --e-global-color-text );background-color: var(--bs-body-bg);text-align: var(--bs-body-text-align)\">08\/04\/2024 e 08\/10\/2025&nbsp;<\/span><\/p>\n<p><span style=\"font-family: verdana, geneva, sans-serif\"><a style=\"font-weight: var( --e-global-typography-text-font-weight );background-color: var(--bs-body-bg);font-size: clamp(1rem, 0.5184rem + 2.0548vw, 1.375rem);text-align: var(--bs-body-text-align)\" href=\"https:\/\/leginf.usp.br\/?resolucao=resolucao-no-7493-de-27-de-marco-de-2018-copy\" target=\"_blank\" rel=\"noopener\"><span style=\"font-size: 18pt\"><span style=\"font-family: georgia, palatino, serif\">\u00bb 2018 &#8211; Regimento de P\u00f3s-Gradua\u00e7\u00e3o da USP<\/span><\/span><\/a><\/span><\/p>\n<p><a href=\"https:\/\/leginf.usp.br\/resolucoes\/resolucao-copgr-no-8620-de-05-de-abril-de-2024\/\" target=\"_blank\" rel=\"noopener\"><span style=\"font-family: georgia, palatino, serif;font-size: 18pt\">\u00bb 2024 &#8211; Regimento da CPG da EEUSP<\/span><\/a><\/p>\n<p><span style=\"font-size: 18pt;font-family: georgia, palatino, serif\"><a href=\"https:\/\/www.ee.usp.br\/proesa\/wp-content\/uploads\/2023\/12\/regulamento-proesa-2023.pdf\" target=\"_blank\" rel=\"noopener\">\u00bb 2023 &#8211; Regulamento do PROESA<\/a><\/span><\/p>\n<p><a href=\"https:\/\/www.ee.usp.br\/proesa\/wp-content\/uploads\/2024\/12\/orientacoes-inscricao-eq-proesa-122024.pdf\" target=\"_blank\" rel=\"noopener\"><span style=\"font-family: georgia, palatino, serif;font-size: 18pt\">\u00bb Orienta\u00e7\u00f5es para inscri\u00e7\u00e3o no Exame de Qualifica\u00e7\u00e3o<\/span><\/a><\/p>\n<p><span style=\"font-family: georgia, palatino, serif;font-size: 18pt\"><a href=\"https:\/\/www.ee.usp.br\/proesa\/wp-content\/uploads\/2023\/10\/orientacoes-tcc-coletanea-artigosxdireitos-autorais.pdf\" target=\"_blank\" rel=\"noopener\">\u00bb Orienta\u00e7\u00f5es para o dep\u00f3sito de tese em forma de colet\u00e2nea de artigos<\/a><\/span><\/p>\n<hr>\n<p><span style=\"font-family: 'OpenSans Condensed Bold';font-size: 25px;color: var( --e-global-color-text );background-color: var(--bs-body-bg);text-align: var(--bs-body-text-align)\">NORMAS PARA ALUNOS(AS) QUE INGRESSARAM A PARTIR DE 09\/10\/2025<\/span><\/p>\n<p><span style=\"font-family: verdana, geneva, sans-serif\"><a style=\"font-weight: var( --e-global-typography-text-font-weight );background-color: var(--bs-body-bg);font-size: clamp(1rem, 0.5184rem + 2.0548vw, 1.375rem);text-align: var(--bs-body-text-align)\" href=\"https:\/\/leginf.usp.br\/?resolucao=resolucao-no-7493-de-27-de-marco-de-2018-copy\" target=\"_blank\" rel=\"noopener\"><span style=\"font-size: 18pt\"><span style=\"font-family: georgia, palatino, serif\">\u00bb 2018 &#8211; Regimento de P\u00f3s-Gradua\u00e7\u00e3o da USP<\/span><\/span><\/a><\/span><\/p>\n<p><a href=\"https:\/\/leginf.usp.br\/resolucoes\/resolucao-copgr-no-8620-de-05-de-abril-de-2024\/\" target=\"_blank\" rel=\"noopener\"><span style=\"font-family: georgia, palatino, serif;font-size: 18pt\">\u00bb 2024 &#8211; Regimento da CPG da EEUSP<\/span><\/a><\/p>\n<p><a href=\"https:\/\/www.ee.usp.br\/proesa\/wp-content\/uploads\/2026\/01\/regulamento-proesa-07out2025.pdf\" target=\"_blank\" rel=\"noopener\"><span style=\"font-size: 18pt;font-family: georgia, palatino, serif\">\u00bb 2025 &#8211; Regulamento do PROESA<\/span><\/a><\/p>\n<p><a href=\"https:\/\/www.ee.usp.br\/proesa\/wp-content\/uploads\/2024\/12\/orientacoes-inscricao-eq-proesa-122024.pdf\" target=\"_blank\" rel=\"noopener\"><span style=\"font-family: georgia, palatino, serif;font-size: 18pt\">\u00bb Orienta\u00e7\u00f5es para inscri\u00e7\u00e3o no Exame de Qualifica\u00e7\u00e3o<\/span><\/a><\/p>\t\t\t\t\t\t\t\t<\/div>\n\t\t\t\t<\/div>\n\t\t\t\t\t<\/div>\n\t\t<\/div>\n\t\t\t\t\t<\/div>\n\t\t<\/section>\n\t\t\t\t<\/div>\n\t\t","protected":false},"excerpt":{"rendered":"<p>NORMAS PARA ALUNOS(AS) QUE INGRESSARAM AT\u00c9 22\/11\/2023 E N\u00c3O SOLICITARAM MUDAN\u00c7A DE REGULAMENTO OU DE CURSO \u00bb 2018 &#8211; Regimento de P\u00f3s-Gradua\u00e7\u00e3o da USP \u00bb 2019 &#8211; Regimento da CPG da EEUSP \u00bb 2019 &#8211; Regulamento do PROESA \u00bb Orienta\u00e7\u00f5es para inscri\u00e7\u00e3o no Exame de Qualifica\u00e7\u00e3o \u00bb Orienta\u00e7\u00f5es para o dep\u00f3sito de tese em forma [&hellip;]<\/p>\n","protected":false},"author":1,"featured_media":0,"parent":0,"menu_order":0,"comment_status":"closed","ping_status":"closed","template":"","meta":{"_acf_changed":false,"footnotes":""},"class_list":["post-252","page","type-page","status-publish","hentry"],"acf":[],"_links":{"self":[{"href":"https:\/\/www.ee.usp.br\/proesa\/wp-json\/wp\/v2\/pages\/252","targetHints":{"allow":["GET"]}}],"collection":[{"href":"https:\/\/www.ee.usp.br\/proesa\/wp-json\/wp\/v2\/pages"}],"about":[{"href":"https:\/\/www.ee.usp.br\/proesa\/wp-json\/wp\/v2\/types\/page"}],"author":[{"embeddable":true,"href":"https:\/\/www.ee.usp.br\/proesa\/wp-json\/wp\/v2\/users\/1"}],"replies":[{"embeddable":true,"href":"https:\/\/www.ee.usp.br\/proesa\/wp-json\/wp\/v2\/comments?post=252"}],"version-history":[{"count":124,"href":"https:\/\/www.ee.usp.br\/proesa\/wp-json\/wp\/v2\/pages\/252\/revisions"}],"predecessor-version":[{"id":3940,"href":"https:\/\/www.ee.usp.br\/proesa\/wp-json\/wp\/v2\/pages\/252\/revisions\/3940"}],"wp:attachment":[{"href":"https:\/\/www.ee.usp.br\/proesa\/wp-json\/wp\/v2\/media?parent=252"}],"curies":[{"name":"wp","href":"https:\/\/api.w.org\/{rel}","templated":true}]}}