{"id":969,"date":"2023-06-26T17:45:02","date_gmt":"2023-06-26T20:45:02","guid":{"rendered":"https:\/\/www.ee.usp.br\/proesa\/esp\/?page_id=969"},"modified":"2025-02-25T15:34:45","modified_gmt":"2025-02-25T18:34:45","slug":"convenios","status":"publish","type":"page","link":"https:\/\/www.ee.usp.br\/proesa\/esp\/convenios","title":{"rendered":"Convenios y alianzas con instituciones extranjeras"},"content":{"rendered":"<p>PROESA mantiene actividades de cooperaci\u00f3n internacional con importantes Centros de educaci\u00f3n e investigaci\u00f3n con la finalidad de intercambio y construcci\u00f3n de saberes por medio de movilizaci\u00f3n de docentes y alumnos.<\/p>\n<p><strong>Convenios de la EEUSP<\/strong><\/p>\n<p>Instituto Polit\u00e9cnico de Beja \u2013 Portugal<\/p>\n<p>Instituto de Ciencias de la Salud de la Universidad Cat\u00f3lica Portuguesa \u2013 Portugal<\/p>\n<p>Universidad Nacional de Colombia, Facultad de Enfermer\u00eda \u2013 Colombia<\/p>\n<p>Universidad Nacional de Colombia \u2013 Colombia<\/p>\n<p>Universidad de Florida \u2013 EUA<\/p>\n<p>Universidad de Adelaida \u2013 Australia<\/p>\n<p>Facultad de Farmacia de la Universidad de Porto \u2013 Portugal<\/p>\n<p>Escuela de Enfermer\u00eda de Johns Hopkins \u2013 EUA<\/p>\n<p>&nbsp;<\/p>\n<p><strong>Alianzas internacionales con PROESA<\/strong><\/p>\n<p>Universidad de Copenhague y Centro Multidisciplinario del Dolor Rigshospitalet \u2013 Dinamarca<\/p>\n<p>Centro de investigaci\u00f3n del Hospital General Saint Boniface, Universidad de Manitoba, Winnipeg &#8211; Canad\u00e1<\/p>\n<p>Instituto Municipal de Investigaciones M\u00e9dicas (IMIM) de Barcelona \u2013 Espa\u00f1a<\/p>\n<p>Universidad Buskerade, Oslo &#8211; Noruega<\/p>\n<p>Instituto Catal\u00e1n de Farmacolog\u00eda de la Universidad Aut\u00f3noma de Barcelona \u2013 Espa\u00f1a<\/p>\n<p>Universidad Laval \u2013 Canad\u00e1<\/p>\n<p>Instituto Bancario Internacional (JBI) de Australia<\/p>\n<p>Servicios b\u00e1sicos eficaces (eBASE) \u2013 \u00c1frica<\/p>\n<p>Infodemia de COVID-19 y su impacto en la salud mental de los adultos mayores: un estudio multic\u00e9ntrico \u2013 Brasil \/ Chile \/ Per\u00fa \/ Colombia \/ M\u00e9xico \/ Portugal<\/p>\n<p>Universidad Nacional de Trujillo \u2013 Per\u00fa<\/p>\n<p>Universidad Peruana Uni\u00f3n \u2013 Per\u00fa<\/p>\n<p>Universidad de Buenos Aires \u2013 Argentina<\/p>\n<p>Universidad Nacional de Colombia \u2013 Colombia<\/p>\n<p>Universidad Nacional de la Amazon\u00eda Peruana \u2013 Per\u00fa<\/p>\n<p>Universidad de Nottingham \u2013 Reino Unido<\/p>\n<p>Universidad de Indiana \u2013 Estados Unidos<\/p>\n<p>Universidad Johns Hopkins \u2013 Estados Unidos<\/p>\n<p>Universidad Tecnol\u00f3gica de Queensland \u2013 Australia<\/p>\n<p>Universidad de Copenhague \u2013 Dinamarca<\/p>\n<p>Escuela de Enfermer\u00eda de la Universidad de Minho \u2013 Portugal<\/p>\n<p>Universidad Queen\u2019s de Kingston \u2013 Canad\u00e1<\/p>\n<p>King&#8217;s College de Londres \u2013 Reino Unido<\/p>\n<p>Universidad Cat\u00f3lica de Portugal \u2013 Portugal<\/p>\n<p>Universidad Complutense de Madrid \u2013 Espa\u00f1a<\/p>\n<p>Universidad de Gante \u2013 B\u00e9lgica<\/p>\n","protected":false},"excerpt":{"rendered":"<p>PROESA mantiene actividades de cooperaci\u00f3n internacional con importantes Centros de educaci\u00f3n e investigaci\u00f3n con la finalidad de intercambio y construcci\u00f3n de saberes por medio de movilizaci\u00f3n de docentes y alumnos. Convenios de la EEUSP Instituto Polit\u00e9cnico de Beja \u2013 Portugal Instituto de Ciencias de la Salud de la Universidad Cat\u00f3lica Portuguesa \u2013 Portugal Universidad Nacional [&hellip;]<\/p>\n","protected":false},"author":1,"featured_media":0,"parent":0,"menu_order":0,"comment_status":"closed","ping_status":"closed","template":"","meta":{"_acf_changed":false,"footnotes":""},"class_list":["post-969","page","type-page","status-publish","hentry"],"acf":[],"_links":{"self":[{"href":"https:\/\/www.ee.usp.br\/proesa\/esp\/wp-json\/wp\/v2\/pages\/969","targetHints":{"allow":["GET"]}}],"collection":[{"href":"https:\/\/www.ee.usp.br\/proesa\/esp\/wp-json\/wp\/v2\/pages"}],"about":[{"href":"https:\/\/www.ee.usp.br\/proesa\/esp\/wp-json\/wp\/v2\/types\/page"}],"author":[{"embeddable":true,"href":"https:\/\/www.ee.usp.br\/proesa\/esp\/wp-json\/wp\/v2\/users\/1"}],"replies":[{"embeddable":true,"href":"https:\/\/www.ee.usp.br\/proesa\/esp\/wp-json\/wp\/v2\/comments?post=969"}],"version-history":[{"count":3,"href":"https:\/\/www.ee.usp.br\/proesa\/esp\/wp-json\/wp\/v2\/pages\/969\/revisions"}],"predecessor-version":[{"id":1328,"href":"https:\/\/www.ee.usp.br\/proesa\/esp\/wp-json\/wp\/v2\/pages\/969\/revisions\/1328"}],"wp:attachment":[{"href":"https:\/\/www.ee.usp.br\/proesa\/esp\/wp-json\/wp\/v2\/media?parent=969"}],"curies":[{"name":"wp","href":"https:\/\/api.w.org\/{rel}","templated":true}]}}