{"id":644,"date":"2023-03-15T14:52:27","date_gmt":"2023-03-15T17:52:27","guid":{"rendered":"https:\/\/www.ee.usp.br\/proesa\/esp\/?page_id=644"},"modified":"2025-02-26T09:29:13","modified_gmt":"2025-02-26T12:29:13","slug":"print","status":"publish","type":"page","link":"https:\/\/www.ee.usp.br\/proesa\/esp\/print","title":{"rendered":"Participaci\u00f3n en Eventos Internacionales"},"content":{"rendered":"<div class=\"page\">\n<div class=\"container\">\n<div class=\"editor__content\">\n<p>\u00bb Fernanda Rodrigues Lima (ME) &#8211; Visita t\u00e9cnica a la Universidad de Laval, en Quebec (Canad\u00e1), en octubre de 2024 \u2013 apoyo CAPES.<\/p>\n<p>\u00bb Ruan Nilton Rodrigues Melo (ME) &#8211; Congreso Mundial sobre Dolor IASP 2024, en \u00c1msterdam (Pa\u00edses Bajos), en agosto de 2024 \u2013 Con el apoyo de CAPES.<\/p>\n<p>\u00bb Giovanny Andres Perez Jaimes (ME) &#8211; 17\u00aa Conferencia Internacional de Investigaci\u00f3n en Enfermer\u00eda, en Lisboa (Portugal), en mayo de 2024 \u2013 apoyo CAPES.<\/p>\n<p>\u00bb Paula Jaman Mewes (DO) &#8211; 13\u00ba Congreso Mundial de Investigaci\u00f3n de la Asociaci\u00f3n Europea de Cuidados Paliativos (EAPC), en Barcelona (Espa\u00f1a), en mayo de 2024 \u2013 apoyo de CAPES.<\/p>\n<\/div>\n<\/div>\n<\/div>\n","protected":false},"excerpt":{"rendered":"<p>\u00bb Fernanda Rodrigues Lima (ME) &#8211; Visita t\u00e9cnica a la Universidad de Laval, en Quebec (Canad\u00e1), en octubre de 2024 \u2013 apoyo CAPES. \u00bb Ruan Nilton Rodrigues Melo (ME) &#8211; Congreso Mundial sobre Dolor IASP 2024, en \u00c1msterdam (Pa\u00edses Bajos), en agosto de 2024 \u2013 Con el apoyo de CAPES. \u00bb Giovanny Andres Perez Jaimes [&hellip;]<\/p>\n","protected":false},"author":1,"featured_media":0,"parent":0,"menu_order":0,"comment_status":"closed","ping_status":"closed","template":"","meta":{"_acf_changed":false,"footnotes":""},"class_list":["post-644","page","type-page","status-publish","hentry"],"acf":[],"_links":{"self":[{"href":"https:\/\/www.ee.usp.br\/proesa\/esp\/wp-json\/wp\/v2\/pages\/644","targetHints":{"allow":["GET"]}}],"collection":[{"href":"https:\/\/www.ee.usp.br\/proesa\/esp\/wp-json\/wp\/v2\/pages"}],"about":[{"href":"https:\/\/www.ee.usp.br\/proesa\/esp\/wp-json\/wp\/v2\/types\/page"}],"author":[{"embeddable":true,"href":"https:\/\/www.ee.usp.br\/proesa\/esp\/wp-json\/wp\/v2\/users\/1"}],"replies":[{"embeddable":true,"href":"https:\/\/www.ee.usp.br\/proesa\/esp\/wp-json\/wp\/v2\/comments?post=644"}],"version-history":[{"count":2,"href":"https:\/\/www.ee.usp.br\/proesa\/esp\/wp-json\/wp\/v2\/pages\/644\/revisions"}],"predecessor-version":[{"id":1354,"href":"https:\/\/www.ee.usp.br\/proesa\/esp\/wp-json\/wp\/v2\/pages\/644\/revisions\/1354"}],"wp:attachment":[{"href":"https:\/\/www.ee.usp.br\/proesa\/esp\/wp-json\/wp\/v2\/media?parent=644"}],"curies":[{"name":"wp","href":"https:\/\/api.w.org\/{rel}","templated":true}]}}