{"id":615,"date":"2023-03-15T13:52:28","date_gmt":"2023-03-15T16:52:28","guid":{"rendered":"https:\/\/www.ee.usp.br\/proesa\/esp\/?page_id=615"},"modified":"2025-02-26T09:18:49","modified_gmt":"2025-02-26T12:18:49","slug":"orientacoes-alunos-estrangeiros","status":"publish","type":"page","link":"https:\/\/www.ee.usp.br\/proesa\/esp\/orientacoes-alunos-estrangeiros","title":{"rendered":"Alumnos Extranjeros en PROESA"},"content":{"rendered":"<p><strong>Alunos de Mestrado e Doutorado no PROESA:<\/strong><\/p>\n<div class=\"table-responsive\">\n<table style=\"width: 1095px;\" border=\"1\">\n<tbody>\n<tr>\n<td style=\"width: 341px; text-align: center;\" width=\"253\"><strong>Estudiante<\/strong><\/td>\n<td style=\"width: 233px; text-align: center;\" width=\"116\"><strong>Curso<\/strong><\/td>\n<td style=\"width: 239px; text-align: center;\" width=\"130\"><strong>Pa\u00eds de origen<\/strong><\/td>\n<td style=\"width: 282px; text-align: center;\" width=\"203\"><strong>Fecha de defensa \/ Cursando<\/strong><\/td>\n<\/tr>\n<tr>\n<td style=\"width: 341px;\" width=\"249\">Alejandra Fabiola Rojas Rivera<\/td>\n<td style=\"width: 233px; text-align: center;\" width=\"116\">Doutorado Direto<\/td>\n<td style=\"width: 239px; text-align: center;\" width=\"66\">Chile<\/td>\n<td style=\"width: 282px; text-align: center;\" width=\"164\">Cursando<\/td>\n<\/tr>\n<tr>\n<td style=\"width: 341px;\">Andrea Soledad L\u00f3pez Navarrete<\/td>\n<td style=\"width: 233px; text-align: center;\">Doutorado<\/td>\n<td style=\"width: 239px; text-align: center;\">Chile<\/td>\n<td style=\"width: 282px; text-align: center;\">Cursando<\/td>\n<\/tr>\n<tr>\n<td style=\"width: 341px;\">Bernardita Eliana Troncoso Valenzuela<\/td>\n<td style=\"width: 233px; text-align: center;\">Doutorado<\/td>\n<td style=\"width: 239px; text-align: center;\">Chile<\/td>\n<td style=\"width: 282px; text-align: center;\">Cursando<\/td>\n<\/tr>\n<tr>\n<td style=\"width: 341px;\">Carla Patr\u00edcia Francisco de Pina<\/td>\n<td style=\"width: 233px; text-align: center;\">Mestrado<\/td>\n<td style=\"width: 239px; text-align: center;\">Angola<\/td>\n<td style=\"width: 282px; text-align: center;\">Cursando<\/td>\n<\/tr>\n<tr>\n<td style=\"width: 341px;\">Felipe Ignacio Constenla \u00c1lvarez<\/td>\n<td style=\"width: 233px; text-align: center;\">Doutorado<\/td>\n<td style=\"width: 239px; text-align: center;\">Chile<\/td>\n<td style=\"width: 282px; text-align: center;\">Cursando<\/td>\n<\/tr>\n<tr>\n<td style=\"width: 341px;\">Giovanny Andres Perez Jaimes<\/td>\n<td style=\"width: 233px; text-align: center;\">Doutorado<\/td>\n<td style=\"width: 239px; text-align: center;\">Col\u00f4mbia<\/td>\n<td style=\"width: 282px; text-align: center;\">Cursando<\/td>\n<\/tr>\n<tr>\n<td style=\"width: 341px;\">Heidi Marie Hevia Campos<\/td>\n<td style=\"width: 233px; text-align: center;\">Doutorado<\/td>\n<td style=\"width: 239px; text-align: center;\">Chile<\/td>\n<td style=\"width: 282px; text-align: center;\">Cursando<\/td>\n<\/tr>\n<tr>\n<td style=\"width: 341px;\">Jessica Paola Garcia Villalba<\/td>\n<td style=\"width: 233px; text-align: center;\">Doutorado<\/td>\n<td style=\"width: 239px; text-align: center;\">Col\u00f4mbia<\/td>\n<td style=\"width: 282px; text-align: center;\">Cursando<\/td>\n<\/tr>\n<tr>\n<td style=\"width: 341px;\">Lizeth Johana Alarc\u00f3n Mel\u00e9ndez<\/td>\n<td style=\"width: 233px; text-align: center;\">Doutorado<\/td>\n<td style=\"width: 239px; text-align: center;\">Col\u00f4mbia<\/td>\n<td style=\"width: 282px; text-align: center;\">Cursando<\/td>\n<\/tr>\n<tr>\n<td style=\"width: 341px;\">Luis Eduardo Del Valle Quintana<\/td>\n<td style=\"width: 233px; text-align: center;\">Doutorado<\/td>\n<td style=\"width: 239px; text-align: center;\">Chile<\/td>\n<td style=\"width: 282px; text-align: center;\">Cursando<\/td>\n<\/tr>\n<tr>\n<td style=\"width: 341px;\">Mar\u00eda Idalia de La Luz S. Schaaf<\/td>\n<td style=\"width: 233px; text-align: center;\">Doutorado<\/td>\n<td style=\"width: 239px; text-align: center;\">Chile<\/td>\n<td style=\"width: 282px; text-align: center;\">Cursando<\/td>\n<\/tr>\n<tr>\n<td style=\"width: 341px;\">Mar\u00eda Ver\u00f3nica Badilla Morales<\/td>\n<td style=\"width: 233px; text-align: center;\">Doutorado<\/td>\n<td style=\"width: 239px; text-align: center;\">Chile<\/td>\n<td style=\"width: 282px; text-align: center;\">Cursando<\/td>\n<\/tr>\n<tr>\n<td style=\"width: 341px;\">Melissa Daniela Zimmermann Vildoso<\/td>\n<td style=\"width: 233px; text-align: center;\">Doutorado<\/td>\n<td style=\"width: 239px; text-align: center;\">Chile<\/td>\n<td style=\"width: 282px; text-align: center;\">Cursando<\/td>\n<\/tr>\n<tr>\n<td style=\"width: 341px;\">Myriam Fifame Raphaela Ahlonsou<\/td>\n<td style=\"width: 233px; text-align: center;\">Mestrado<\/td>\n<td style=\"width: 239px; text-align: center;\">Benin<\/td>\n<td style=\"width: 282px; text-align: center;\">Cursando<\/td>\n<\/tr>\n<tr>\n<td style=\"width: 341px;\">Paula Jaman Mewes<\/td>\n<td style=\"width: 233px; text-align: center;\">Doutorado<\/td>\n<td style=\"width: 239px; text-align: center;\">Chile<\/td>\n<td style=\"width: 282px; text-align: center;\">Cursando<\/td>\n<\/tr>\n<tr>\n<td style=\"width: 341px;\">Yusely Nathaly Rubio Meneses<\/td>\n<td style=\"width: 233px; text-align: center;\">Mestrado<\/td>\n<td style=\"width: 239px; text-align: center;\">Col\u00f4mbia<\/td>\n<td style=\"width: 282px; text-align: center;\">Cursando<\/td>\n<\/tr>\n<tr>\n<td style=\"width: 341px;\">Giovanny Andres Perez Jaimes<\/td>\n<td style=\"width: 233px; text-align: center;\">Mestrado<\/td>\n<td style=\"width: 239px; text-align: center;\">Col\u00f4mbia<\/td>\n<td style=\"width: 282px; text-align: center;\">19\/06\/2024<\/td>\n<\/tr>\n<tr>\n<td style=\"width: 341px;\">Lizeth Johana Alarc\u00f3n Mel\u00e9ndez<\/td>\n<td style=\"width: 233px; text-align: center;\">Mestrado<\/td>\n<td style=\"width: 239px; text-align: center;\">Col\u00f4mbia<\/td>\n<td style=\"width: 282px; text-align: center;\">11\/06\/2024<\/td>\n<\/tr>\n<tr>\n<td style=\"width: 341px;\">Carol Viviana Serna Gonzalez<\/td>\n<td style=\"width: 233px; text-align: center;\">Doutorado<\/td>\n<td style=\"width: 239px; text-align: center;\">Col\u00f4mbia<\/td>\n<td style=\"width: 282px; text-align: center;\">21\/12\/2023<\/td>\n<\/tr>\n<tr>\n<td style=\"width: 341px;\">Zita Elena Lagos S\u00e1nchez<\/td>\n<td style=\"width: 233px; text-align: center;\">Doutorado Direto<\/td>\n<td style=\"width: 239px; text-align: center;\">Chile<\/td>\n<td style=\"width: 282px; text-align: center;\">10\/10\/2017<\/td>\n<\/tr>\n<tr>\n<td style=\"width: 341px;\">Claudia Carolina Flores Espinoza<\/td>\n<td style=\"width: 233px; text-align: center;\">Doutorado Direto<\/td>\n<td style=\"width: 239px; text-align: center;\">Chile<\/td>\n<td style=\"width: 282px; text-align: center;\">04\/09\/2017<\/td>\n<\/tr>\n<tr>\n<td style=\"width: 341px;\">Sonia Betzabeth Ticona Benavente<\/td>\n<td style=\"width: 233px; text-align: center;\">Doutorado<\/td>\n<td style=\"width: 239px; text-align: center;\">Peru<\/td>\n<td style=\"width: 282px; text-align: center;\">30\/08\/2017<\/td>\n<\/tr>\n<tr>\n<td style=\"width: 341px;\">Marie Jesie Carrillo Barrera<\/td>\n<td style=\"width: 233px; text-align: center;\">Doutorado<\/td>\n<td style=\"width: 239px; text-align: center;\">Chile<\/td>\n<td style=\"width: 282px; text-align: center;\">29\/03\/2017<\/td>\n<\/tr>\n<tr>\n<td style=\"width: 341px;\">Miguel Angel Tineo Guerrero<\/td>\n<td style=\"width: 233px; text-align: center;\">Mestrado<\/td>\n<td style=\"width: 239px; text-align: center;\">Peru<\/td>\n<td style=\"width: 282px; text-align: center;\">31\/10\/2016<\/td>\n<\/tr>\n<\/tbody>\n<\/table>\n<\/div>\n<p>&nbsp;<\/p>\n<p><strong>Pr\u00e1cticas de alumnos extranjeros en PROESA:<\/strong><\/p>\n<div class=\"table-responsive\">\n<table style=\"width: 1107px;\" border=\"1\">\n<tbody>\n<tr>\n<td style=\"width: 257px;\" width=\"253\"><strong>Estudiante<\/strong><\/td>\n<td style=\"width: 120px;\" width=\"116\"><strong>Curso<\/strong><\/td>\n<td style=\"width: 140px;\" width=\"130\"><strong>Pa\u00eds de origen<\/strong><\/td>\n<td style=\"width: 292px;\" width=\"224\"><strong>Universidad Extranjera<\/strong><\/td>\n<td style=\"width: 298px;\" width=\"220\"><strong>Periodo<\/strong><\/td>\n<\/tr>\n<tr>\n<td style=\"width: 257px;\">Jorge Esteban Garc\u00eda Forero<\/td>\n<td style=\"width: 120px;\">Mestrado<\/td>\n<td style=\"width: 140px;\">Col\u00f4mbia<\/td>\n<td style=\"width: 292px;\">Universidad Nacional de Colombia<\/td>\n<td style=\"width: 298px;\">11\/06\/2024 \u2013 16\/07\/2024<\/td>\n<\/tr>\n<tr>\n<td style=\"width: 257px;\">Gerardo Saucedo Pahua<\/td>\n<td style=\"width: 120px;\">Doutorado<\/td>\n<td style=\"width: 140px;\">M\u00e9xico<\/td>\n<td style=\"width: 292px;\">Universidad de Guanajuato<\/td>\n<td style=\"width: 298px;\">01\/03\/2023 \u2013 06\/06\/2023<\/td>\n<\/tr>\n<tr>\n<td style=\"width: 257px;\">Paula Andrea Rodriguez Fajardo<\/td>\n<td style=\"width: 120px;\">Mestrado<\/td>\n<td style=\"width: 140px;\">Col\u00f4mbia<\/td>\n<td style=\"width: 292px;\">Universidad Nacional de Colombia<\/td>\n<td style=\"width: 298px;\">25\/04\/2022 \u2013 26\/05\/2022<\/td>\n<\/tr>\n<tr>\n<td style=\"width: 257px;\">Olga Luc\u00eda Gait\u00e1n G\u00f3mez<\/td>\n<td style=\"width: 120px;\">Doutorado<\/td>\n<td style=\"width: 140px;\">Col\u00f4mbia<\/td>\n<td style=\"width: 292px;\">Universidad Nacional de Colombia<\/td>\n<td style=\"width: 298px;\">02\/09\/2019 \u2013 12\/12\/2019<\/td>\n<\/tr>\n<tr>\n<td style=\"width: 257px;\">Oscar Javier Vergara Escobar<\/td>\n<td style=\"width: 120px;\">Doutorado<\/td>\n<td style=\"width: 140px;\">Col\u00f4mbia<\/td>\n<td style=\"width: 292px;\">Universidad Nacional de Colombia<\/td>\n<td style=\"width: 298px;\">26\/07\/2018 \u2013 31\/10\/2018<\/td>\n<\/tr>\n<tr>\n<td style=\"width: 257px;\" width=\"253\">Aina Evensen Helme<\/td>\n<td style=\"width: 120px;\" width=\"116\">Mestrado<\/td>\n<td style=\"width: 140px;\" width=\"130\">Noruega<\/td>\n<td style=\"width: 292px;\" width=\"224\">Lovisenberg Diakonale H\u00f8gskole<\/td>\n<td style=\"width: 298px;\" width=\"220\">17\/02\/2016 \u2013 14\/03\/2016<\/td>\n<\/tr>\n<tr>\n<td style=\"width: 257px;\">Marthe Parmann<\/td>\n<td style=\"width: 120px;\">Mestrado<\/td>\n<td style=\"width: 140px;\">Noruega<\/td>\n<td style=\"width: 292px;\">Lovisenberg Diakonale H\u00f8gskole<\/td>\n<td style=\"width: 298px;\">17\/02\/2016 \u2013 14\/03\/2016<\/td>\n<\/tr>\n<tr>\n<td style=\"width: 257px;\">Mie Nordly<\/td>\n<td style=\"width: 120px;\">Doutorado<\/td>\n<td style=\"width: 140px;\">Dinamarca<\/td>\n<td style=\"width: 292px;\">University of Copenhagen<\/td>\n<td style=\"width: 298px;\">30\/03\/2015 \u2013 01\/05\/2015<\/td>\n<\/tr>\n<\/tbody>\n<\/table>\n<\/div>\n<p>&nbsp;<\/p>\n","protected":false},"excerpt":{"rendered":"<p>Alunos de Mestrado e Doutorado no PROESA: Estudiante Curso Pa\u00eds de origen Fecha de defensa \/ Cursando Alejandra Fabiola Rojas Rivera Doutorado Direto Chile Cursando Andrea Soledad L\u00f3pez Navarrete Doutorado Chile Cursando Bernardita Eliana Troncoso Valenzuela Doutorado Chile Cursando Carla Patr\u00edcia Francisco de Pina Mestrado Angola Cursando Felipe Ignacio Constenla \u00c1lvarez Doutorado Chile Cursando Giovanny [&hellip;]<\/p>\n","protected":false},"author":1,"featured_media":0,"parent":0,"menu_order":0,"comment_status":"closed","ping_status":"closed","template":"","meta":{"_acf_changed":false,"footnotes":""},"class_list":["post-615","page","type-page","status-publish","hentry"],"acf":[],"_links":{"self":[{"href":"https:\/\/www.ee.usp.br\/proesa\/esp\/wp-json\/wp\/v2\/pages\/615","targetHints":{"allow":["GET"]}}],"collection":[{"href":"https:\/\/www.ee.usp.br\/proesa\/esp\/wp-json\/wp\/v2\/pages"}],"about":[{"href":"https:\/\/www.ee.usp.br\/proesa\/esp\/wp-json\/wp\/v2\/types\/page"}],"author":[{"embeddable":true,"href":"https:\/\/www.ee.usp.br\/proesa\/esp\/wp-json\/wp\/v2\/users\/1"}],"replies":[{"embeddable":true,"href":"https:\/\/www.ee.usp.br\/proesa\/esp\/wp-json\/wp\/v2\/comments?post=615"}],"version-history":[{"count":8,"href":"https:\/\/www.ee.usp.br\/proesa\/esp\/wp-json\/wp\/v2\/pages\/615\/revisions"}],"predecessor-version":[{"id":1352,"href":"https:\/\/www.ee.usp.br\/proesa\/esp\/wp-json\/wp\/v2\/pages\/615\/revisions\/1352"}],"wp:attachment":[{"href":"https:\/\/www.ee.usp.br\/proesa\/esp\/wp-json\/wp\/v2\/media?parent=615"}],"curies":[{"name":"wp","href":"https:\/\/api.w.org\/{rel}","templated":true}]}}