{"id":341,"date":"2023-03-14T18:03:50","date_gmt":"2023-03-14T21:03:50","guid":{"rendered":"https:\/\/www.ee.usp.br\/proesa\/esp\/?page_id=341"},"modified":"2025-02-25T13:31:43","modified_gmt":"2025-02-25T16:31:43","slug":"disciplinas","status":"publish","type":"page","link":"https:\/\/www.ee.usp.br\/proesa\/esp\/disciplinas","title":{"rendered":"Disciplinas"},"content":{"rendered":"\t\t<div data-elementor-type=\"wp-page\" data-elementor-id=\"341\" class=\"elementor elementor-341\">\n\t\t\t\t\t\t<section class=\"elementor-section elementor-top-section elementor-element elementor-element-672a1bdf elementor-section-boxed elementor-section-height-default elementor-section-height-default\" data-id=\"672a1bdf\" data-element_type=\"section\" data-e-type=\"section\">\n\t\t\t\t\t\t<div class=\"elementor-container elementor-column-gap-default\">\n\t\t\t\t\t<div class=\"elementor-column elementor-col-100 elementor-top-column elementor-element elementor-element-5e5336bb\" data-id=\"5e5336bb\" data-element_type=\"column\" data-e-type=\"column\">\n\t\t\t<div class=\"elementor-widget-wrap elementor-element-populated\">\n\t\t\t\t\t\t<div class=\"elementor-element elementor-element-1b366840 elementor-widget elementor-widget-text-editor\" data-id=\"1b366840\" data-element_type=\"widget\" data-e-type=\"widget\" data-widget_type=\"text-editor.default\">\n\t\t\t\t<div class=\"elementor-widget-container\">\n\t\t\t\t\t\t\t\t\t<p><a href=\"https:\/\/www.ee.usp.br\/proesa\/wp-content\/uploads\/2025\/01\/quadro-de-disciplinas-proesa-20251.pdf\" target=\"_blank\" rel=\"noopener\">DISCIPLINAS OFRECIDAS \u2013 PROESA &#8211; 1\u00b0 SEMESTRE DE 2025<\/a><\/p><p><a href=\"https:\/\/uspdigital.usp.br\/janus\/componente\/disciplinasOferecidasInicial.jsf\" target=\"_blank\" rel=\"noopener\">DISCIPLINAS OFRECIDAS EN LAS DEM\u00c1S UNIDADES DE LA USP &#8211; 1\u00b0 SEMESTRE DE 2025<\/a><\/p><p><a href=\"https:\/\/uspdigital.usp.br\/janus\/componente\/disciplinasOferecidasInglesInicial.jsf\" target=\"_blank\" rel=\"noopener\">DISCIPLINAS OFRECIDAS EN INGL\u00c9S EN LA USP &#8211; 1\u00b0 SEMESTRE DE 2025<\/a><\/p><div><p><strong><br \/>Cat\u00e1logo de disciplinas de la EEUSP<\/strong><\/p><p><strong>7002 &#8211; Enfermer\u00eda en la Salud del Adulto<\/strong><br \/><a href=\"https:\/\/uspdigital.usp.br\/janus\/DisLista?codare=7139&amp;codcpg=7&amp;origem=C\" target=\"_blank\" rel=\"noopener\">7139 \u2013 Enfermer\u00eda en la Salud del Adulto<\/a><\/p><p><strong>7001 \u2013 Enfermer\u00eda<\/strong><br \/><a href=\"https:\/\/uspdigital.usp.br\/janus\/DisLista?codare=7141&amp;codcpg=7&amp;origem=C\" target=\"_blank\" rel=\"noopener\">7141 \u2013 Cuidado en salud<\/a><br \/><a href=\"https:\/\/uspdigital.usp.br\/janus\/DisLista?codare=7143&amp;codcpg=7&amp;origem=C\" target=\"_blank\" rel=\"noopener\">7143 \u2013 Enfermer\u00eda en la salud colectiva<\/a><\/p><p><strong>7003 \u2013 Gerenciamiento en Enfermer\u00eda<br \/><\/strong><a href=\"https:\/\/uspdigital.usp.br\/janus\/DisLista?codare=7140&amp;codcpg=7&amp;origem=C\" target=\"_blank\" rel=\"noopener\">7140 \u2013 Fundamentos y Pr\u00e1cticas de Gerenciamiento en Enfermer\u00eda y en Salud<\/a><\/p><p><strong>7005 &#8211; Maestr\u00eda Profesional en Enfermer\u00eda en la Atenci\u00f3n primaria en Salud en el Sistema \u00danico de Salud<br \/><\/strong><a href=\"https:\/\/uspdigital.usp.br\/janus\/DisLista?codare=7144&amp;codcpg=7&amp;origem=C\" target=\"_blank\" rel=\"noopener\">7144 \u2013 Cuidado en la Atenci\u00f3n Primaria en Salud<\/a><\/p><p><strong>7099 &#8211; Escuela de enfermer\u00eda<\/strong><br \/><a href=\"https:\/\/uspdigital.usp.br\/janus\/DisLista?codare=7499&amp;codcpg=7&amp;origem=C\" target=\"_blank\" rel=\"noopener\">7499 \u2013 Escuela de enfermer\u00eda<\/a><\/p><p><strong>83131 &#8211; Programa de Doctorado Interunidades en Enfermer\u00eda de los campus de S\u00e3o Paulo y de Ribeir\u00e3o Preto (Disciplinas iniciadas con los c\u00f3digos ENS y ENP son ofrecidas en S\u00e3o Paulo).<\/strong><br \/><a href=\"https:\/\/uspdigital.usp.br\/janus\/DisLista?codare=83131&amp;codcpg=83&amp;origem=C\" target=\"_blank\" rel=\"noopener\">83131 \u2013 Enfermer\u00eda<\/a><\/p><p><a href=\"https:\/\/uspdigital.usp.br\/janus\/componente\/catalogoDisciplinasInicial.jsf\" target=\"_blank\" rel=\"noopener\"><strong><span style=\"text-decoration: underline;\">Cat\u00e1logo de disciplinas de la USP<\/span><\/strong><\/a><\/p><\/div>\t\t\t\t\t\t\t\t<\/div>\n\t\t\t\t<\/div>\n\t\t\t\t\t<\/div>\n\t\t<\/div>\n\t\t\t\t\t<\/div>\n\t\t<\/section>\n\t\t\t\t<\/div>\n\t\t","protected":false},"excerpt":{"rendered":"<p>DISCIPLINAS OFRECIDAS \u2013 PROESA &#8211; 1\u00b0 SEMESTRE DE 2025 DISCIPLINAS OFRECIDAS EN LAS DEM\u00c1S UNIDADES DE LA USP &#8211; 1\u00b0 SEMESTRE DE 2025 DISCIPLINAS OFRECIDAS EN INGL\u00c9S EN LA USP &#8211; 1\u00b0 SEMESTRE DE 2025 Cat\u00e1logo de disciplinas de la EEUSP 7002 &#8211; Enfermer\u00eda en la Salud del Adulto7139 \u2013 Enfermer\u00eda en la Salud del [&hellip;]<\/p>\n","protected":false},"author":1,"featured_media":0,"parent":0,"menu_order":0,"comment_status":"closed","ping_status":"closed","template":"","meta":{"_acf_changed":false,"footnotes":""},"class_list":["post-341","page","type-page","status-publish","hentry"],"acf":[],"_links":{"self":[{"href":"https:\/\/www.ee.usp.br\/proesa\/esp\/wp-json\/wp\/v2\/pages\/341","targetHints":{"allow":["GET"]}}],"collection":[{"href":"https:\/\/www.ee.usp.br\/proesa\/esp\/wp-json\/wp\/v2\/pages"}],"about":[{"href":"https:\/\/www.ee.usp.br\/proesa\/esp\/wp-json\/wp\/v2\/types\/page"}],"author":[{"embeddable":true,"href":"https:\/\/www.ee.usp.br\/proesa\/esp\/wp-json\/wp\/v2\/users\/1"}],"replies":[{"embeddable":true,"href":"https:\/\/www.ee.usp.br\/proesa\/esp\/wp-json\/wp\/v2\/comments?post=341"}],"version-history":[{"count":26,"href":"https:\/\/www.ee.usp.br\/proesa\/esp\/wp-json\/wp\/v2\/pages\/341\/revisions"}],"predecessor-version":[{"id":1406,"href":"https:\/\/www.ee.usp.br\/proesa\/esp\/wp-json\/wp\/v2\/pages\/341\/revisions\/1406"}],"wp:attachment":[{"href":"https:\/\/www.ee.usp.br\/proesa\/esp\/wp-json\/wp\/v2\/media?parent=341"}],"curies":[{"name":"wp","href":"https:\/\/api.w.org\/{rel}","templated":true}]}}