{"id":327,"date":"2023-03-14T17:54:28","date_gmt":"2023-03-14T20:54:28","guid":{"rendered":"https:\/\/www.ee.usp.br\/proesa\/esp\/?page_id=327"},"modified":"2025-02-20T10:10:36","modified_gmt":"2025-02-20T13:10:36","slug":"nossa-historia","status":"publish","type":"page","link":"https:\/\/www.ee.usp.br\/proesa\/esp\/nossa-historia","title":{"rendered":"Nuestra Historia"},"content":{"rendered":"\t\t<div data-elementor-type=\"wp-page\" data-elementor-id=\"327\" class=\"elementor elementor-327\">\n\t\t\t\t\t\t<section class=\"elementor-section elementor-top-section elementor-element elementor-element-78919a6 elementor-section-boxed elementor-section-height-default elementor-section-height-default\" data-id=\"78919a6\" data-element_type=\"section\" data-e-type=\"section\">\n\t\t\t\t\t\t<div class=\"elementor-container elementor-column-gap-default\">\n\t\t\t\t\t<div class=\"elementor-column elementor-col-100 elementor-top-column elementor-element elementor-element-bba358a\" data-id=\"bba358a\" data-element_type=\"column\" data-e-type=\"column\">\n\t\t\t<div class=\"elementor-widget-wrap elementor-element-populated\">\n\t\t\t\t\t\t<div class=\"elementor-element elementor-element-737829e elementor-widget elementor-widget-text-editor\" data-id=\"737829e\" data-element_type=\"widget\" data-e-type=\"widget\" data-widget_type=\"text-editor.default\">\n\t\t\t\t<div class=\"elementor-widget-container\">\n\t\t\t\t\t\t\t\t\t<p>El Programa de Posgrado en Enfermer\u00eda en la Salud del Adulto (PROESA) de la Escuela de Enfermer\u00eda de la USP, naci\u00f3 en el a\u00f1o 2000 de la integraci\u00f3n de las \u00c1reas de Concentraci\u00f3n \u201cFundamentos de Enfermer\u00eda\u201d y \u201cEnfermer\u00eda de la Salud del Adulto Institucionalizado\u201d, anteriormente pertenecientes al Programa de Posgrado en Enfermer\u00eda de la Escuela de Enfermer\u00eda de la Universidade de S\u00e3o Paulo (EEUSP).<\/p><p>PROESA tiene como n\u00facleo el desarrollo de estudios sobre modelos y pr\u00e1cticas avanzadas de cuidado en enfermer\u00eda. Los cursos de Maestr\u00eda y Doctorado de PROESA son recomendados y reconocidos por la CAPES con una calificaci\u00f3n de 7.<\/p>\t\t\t\t\t\t\t\t<\/div>\n\t\t\t\t<\/div>\n\t\t\t\t\t<\/div>\n\t\t<\/div>\n\t\t\t\t\t<\/div>\n\t\t<\/section>\n\t\t\t\t<section class=\"elementor-section elementor-top-section elementor-element elementor-element-44c9e9a elementor-section-boxed elementor-section-height-default elementor-section-height-default\" data-id=\"44c9e9a\" data-element_type=\"section\" data-e-type=\"section\">\n\t\t\t\t\t\t<div class=\"elementor-container elementor-column-gap-default\">\n\t\t\t\t\t<div class=\"elementor-column elementor-col-33 elementor-top-column elementor-element elementor-element-4544b0e\" data-id=\"4544b0e\" data-element_type=\"column\" data-e-type=\"column\">\n\t\t\t<div class=\"elementor-widget-wrap elementor-element-populated\">\n\t\t\t\t\t\t<div class=\"elementor-element elementor-element-fd82f06 elementor-widget elementor-widget-image\" data-id=\"fd82f06\" data-element_type=\"widget\" data-e-type=\"widget\" data-widget_type=\"image.default\">\n\t\t\t\t<div class=\"elementor-widget-container\">\n\t\t\t\t\t\t\t\t\t\t\t\t\t\t\t<img fetchpriority=\"high\" decoding=\"async\" width=\"370\" height=\"418\" src=\"https:\/\/www.ee.usp.br\/proesa\/esp\/wp-content\/uploads\/2025\/02\/mision.png\" class=\"attachment-large size-large wp-image-1159\" alt=\"\" srcset=\"https:\/\/www.ee.usp.br\/proesa\/esp\/wp-content\/uploads\/2025\/02\/mision.png 370w, https:\/\/www.ee.usp.br\/proesa\/esp\/wp-content\/uploads\/2025\/02\/mision-133x150.png 133w\" sizes=\"(max-width: 370px) 100vw, 370px\" \/>\t\t\t\t\t\t\t\t\t\t\t\t\t\t\t<\/div>\n\t\t\t\t<\/div>\n\t\t\t\t\t<\/div>\n\t\t<\/div>\n\t\t\t\t<div class=\"elementor-column elementor-col-66 elementor-top-column elementor-element elementor-element-69bd6ec\" data-id=\"69bd6ec\" data-element_type=\"column\" data-e-type=\"column\">\n\t\t\t<div class=\"elementor-widget-wrap elementor-element-populated\">\n\t\t\t\t\t\t<div class=\"elementor-element elementor-element-43562b3 elementor-widget elementor-widget-text-editor\" data-id=\"43562b3\" data-element_type=\"widget\" data-e-type=\"widget\" data-widget_type=\"text-editor.default\">\n\t\t\t\t<div class=\"elementor-widget-container\">\n\t\t\t\t\t\t\t\t\t<p>PROESA tiene como misi\u00f3n formar recursos humanos de excelencia en investigaci\u00f3n en los niveles de Maestr\u00eda Acad\u00e9mica (ME) y Doctorado Acad\u00e9mico (DO) y Posdoctorado (Pos-Doc), por medio de la capacitaci\u00f3n de los enfermeros y otros profesionales de salud para los procesos de producci\u00f3n de conocimiento, de actualizaci\u00f3n cient\u00edfica y de perfeccionamiento en tecnolog\u00edas de cuidado, en el \u00e1mbito de Enfermer\u00eda en la Salud del Adulto, integrando conocimientos de la ciencia de enfermer\u00eda a las otras disciplinas.\u00a0 Como perfil de los egresados se espera que sean capaces de impulsar la investigaci\u00f3n, la educaci\u00f3n, y el cuidado en pr\u00e1cticas cl\u00ednicas avanzadas, dentro del alcance legal y \u00e9tico de la profesi\u00f3n.<\/p>\t\t\t\t\t\t\t\t<\/div>\n\t\t\t\t<\/div>\n\t\t\t\t\t<\/div>\n\t\t<\/div>\n\t\t\t\t\t<\/div>\n\t\t<\/section>\n\t\t\t\t<section class=\"elementor-section elementor-top-section elementor-element elementor-element-d65e2c6 elementor-section-boxed elementor-section-height-default elementor-section-height-default\" data-id=\"d65e2c6\" data-element_type=\"section\" data-e-type=\"section\">\n\t\t\t\t\t\t<div class=\"elementor-container elementor-column-gap-default\">\n\t\t\t\t\t<div class=\"elementor-column elementor-col-66 elementor-top-column elementor-element elementor-element-632921e\" data-id=\"632921e\" data-element_type=\"column\" data-e-type=\"column\">\n\t\t\t<div class=\"elementor-widget-wrap elementor-element-populated\">\n\t\t\t\t\t\t<div class=\"elementor-element elementor-element-0c5562c elementor-widget elementor-widget-text-editor\" data-id=\"0c5562c\" data-element_type=\"widget\" data-e-type=\"widget\" data-widget_type=\"text-editor.default\">\n\t\t\t\t<div class=\"elementor-widget-container\">\n\t\t\t\t\t\t\t\t\t<p>\u2022 Producir conocimiento innovador y rigurosamente construido, respetando los aspectos \u00e9ticos involucrados.<\/p><p>\u2022 \u00a0Formar recursos humanos l\u00edderes con habilidad cr\u00edtico reflexiva para la promoci\u00f3n de intervenciones educativas enmarcadas dentro de las necesidades de la educaci\u00f3n superior en enfermer\u00eda.<\/p><p>\u2022 Desarrollar comportamientos de continua actualizaci\u00f3n cient\u00edfica y constante perfeccionamiento en tecnolog\u00edas del cuidado.<\/p>\t\t\t\t\t\t\t\t<\/div>\n\t\t\t\t<\/div>\n\t\t\t\t\t<\/div>\n\t\t<\/div>\n\t\t\t\t<div class=\"elementor-column elementor-col-33 elementor-top-column elementor-element elementor-element-b79a046\" data-id=\"b79a046\" data-element_type=\"column\" data-e-type=\"column\">\n\t\t\t<div class=\"elementor-widget-wrap elementor-element-populated\">\n\t\t\t\t\t\t<div class=\"elementor-element elementor-element-c3da7d8 elementor-widget elementor-widget-image\" data-id=\"c3da7d8\" data-element_type=\"widget\" data-e-type=\"widget\" data-widget_type=\"image.default\">\n\t\t\t\t<div class=\"elementor-widget-container\">\n\t\t\t\t\t\t\t\t\t\t\t\t\t\t\t<img decoding=\"async\" width=\"370\" height=\"418\" src=\"https:\/\/www.ee.usp.br\/proesa\/esp\/wp-content\/uploads\/2023\/03\/proposito.jpg\" class=\"attachment-large size-large wp-image-335\" alt=\"\" srcset=\"https:\/\/www.ee.usp.br\/proesa\/esp\/wp-content\/uploads\/2023\/03\/proposito.jpg 370w, https:\/\/www.ee.usp.br\/proesa\/esp\/wp-content\/uploads\/2023\/03\/proposito-133x150.jpg 133w, https:\/\/www.ee.usp.br\/proesa\/esp\/wp-content\/uploads\/2023\/03\/proposito-237x268.jpg 237w\" sizes=\"(max-width: 370px) 100vw, 370px\" \/>\t\t\t\t\t\t\t\t\t\t\t\t\t\t\t<\/div>\n\t\t\t\t<\/div>\n\t\t\t\t\t<\/div>\n\t\t<\/div>\n\t\t\t\t\t<\/div>\n\t\t<\/section>\n\t\t\t\t<\/div>\n\t\t","protected":false},"excerpt":{"rendered":"<p>El Programa de Posgrado en Enfermer\u00eda en la Salud del Adulto (PROESA) de la Escuela de Enfermer\u00eda de la USP, naci\u00f3 en el a\u00f1o 2000 de la integraci\u00f3n de las \u00c1reas de Concentraci\u00f3n \u201cFundamentos de Enfermer\u00eda\u201d y \u201cEnfermer\u00eda de la Salud del Adulto Institucionalizado\u201d, anteriormente pertenecientes al Programa de Posgrado en Enfermer\u00eda de la Escuela [&hellip;]<\/p>\n","protected":false},"author":1,"featured_media":0,"parent":0,"menu_order":0,"comment_status":"closed","ping_status":"closed","template":"","meta":{"_acf_changed":false,"footnotes":""},"class_list":["post-327","page","type-page","status-publish","hentry"],"acf":[],"_links":{"self":[{"href":"https:\/\/www.ee.usp.br\/proesa\/esp\/wp-json\/wp\/v2\/pages\/327","targetHints":{"allow":["GET"]}}],"collection":[{"href":"https:\/\/www.ee.usp.br\/proesa\/esp\/wp-json\/wp\/v2\/pages"}],"about":[{"href":"https:\/\/www.ee.usp.br\/proesa\/esp\/wp-json\/wp\/v2\/types\/page"}],"author":[{"embeddable":true,"href":"https:\/\/www.ee.usp.br\/proesa\/esp\/wp-json\/wp\/v2\/users\/1"}],"replies":[{"embeddable":true,"href":"https:\/\/www.ee.usp.br\/proesa\/esp\/wp-json\/wp\/v2\/comments?post=327"}],"version-history":[{"count":22,"href":"https:\/\/www.ee.usp.br\/proesa\/esp\/wp-json\/wp\/v2\/pages\/327\/revisions"}],"predecessor-version":[{"id":1166,"href":"https:\/\/www.ee.usp.br\/proesa\/esp\/wp-json\/wp\/v2\/pages\/327\/revisions\/1166"}],"wp:attachment":[{"href":"https:\/\/www.ee.usp.br\/proesa\/esp\/wp-json\/wp\/v2\/media?parent=327"}],"curies":[{"name":"wp","href":"https:\/\/api.w.org\/{rel}","templated":true}]}}