{"id":305,"date":"2023-03-14T17:44:08","date_gmt":"2023-03-14T20:44:08","guid":{"rendered":"https:\/\/www.ee.usp.br\/proesa\/esp\/?page_id=305"},"modified":"2025-02-25T15:14:40","modified_gmt":"2025-02-25T18:14:40","slug":"redes","status":"publish","type":"page","link":"https:\/\/www.ee.usp.br\/proesa\/esp\/redes","title":{"rendered":"Redes"},"content":{"rendered":"<p><img fetchpriority=\"high\" decoding=\"async\" class=\"alignnone size-full wp-image-307\" src=\"https:\/\/www.ee.usp.br\/proesa\/esp\/wp-content\/uploads\/2023\/03\/redes.jpg\" alt=\"\" width=\"1167\" height=\"308\" srcset=\"https:\/\/www.ee.usp.br\/proesa\/esp\/wp-content\/uploads\/2023\/03\/redes.jpg 1167w, https:\/\/www.ee.usp.br\/proesa\/esp\/wp-content\/uploads\/2023\/03\/redes-1000x264.jpg 1000w, https:\/\/www.ee.usp.br\/proesa\/esp\/wp-content\/uploads\/2023\/03\/redes-150x40.jpg 150w, https:\/\/www.ee.usp.br\/proesa\/esp\/wp-content\/uploads\/2023\/03\/redes-768x203.jpg 768w, https:\/\/www.ee.usp.br\/proesa\/esp\/wp-content\/uploads\/2023\/03\/redes-1015x268.jpg 1015w\" sizes=\"(max-width: 1167px) 100vw, 1167px\" \/><\/p>\n<p>\u00bb <a href=\"http:\/\/www.ee.usp.br\/inasnet\/\">INASNet &#8211; International Nursing Activities Score Network<\/a><\/p>\n<p>\u00bb <a href=\"https:\/\/riiee.jimdo.com\/\">RIIEE &#8211; Rede Iberoamericana de Investigaci\u00f3n en Educaci\u00f3n en Enfermar\u00eda<\/a><\/p>\n<p>\u00bb <a href=\"https:\/\/www.facebook.com\/redesam\" target=\"_blank\" rel=\"noopener\">Red Internacional de Enfermer\u00eda en Salud del Adulto Mayor<\/a><\/p>\n","protected":false},"excerpt":{"rendered":"<p>\u00bb INASNet &#8211; International Nursing Activities Score Network \u00bb RIIEE &#8211; Rede Iberoamericana de Investigaci\u00f3n en Educaci\u00f3n en Enfermar\u00eda \u00bb Red Internacional de Enfermer\u00eda en Salud del Adulto Mayor<\/p>\n","protected":false},"author":1,"featured_media":0,"parent":0,"menu_order":0,"comment_status":"closed","ping_status":"closed","template":"","meta":{"_acf_changed":false,"footnotes":""},"class_list":["post-305","page","type-page","status-publish","hentry"],"acf":[],"_links":{"self":[{"href":"https:\/\/www.ee.usp.br\/proesa\/esp\/wp-json\/wp\/v2\/pages\/305","targetHints":{"allow":["GET"]}}],"collection":[{"href":"https:\/\/www.ee.usp.br\/proesa\/esp\/wp-json\/wp\/v2\/pages"}],"about":[{"href":"https:\/\/www.ee.usp.br\/proesa\/esp\/wp-json\/wp\/v2\/types\/page"}],"author":[{"embeddable":true,"href":"https:\/\/www.ee.usp.br\/proesa\/esp\/wp-json\/wp\/v2\/users\/1"}],"replies":[{"embeddable":true,"href":"https:\/\/www.ee.usp.br\/proesa\/esp\/wp-json\/wp\/v2\/comments?post=305"}],"version-history":[{"count":6,"href":"https:\/\/www.ee.usp.br\/proesa\/esp\/wp-json\/wp\/v2\/pages\/305\/revisions"}],"predecessor-version":[{"id":1316,"href":"https:\/\/www.ee.usp.br\/proesa\/esp\/wp-json\/wp\/v2\/pages\/305\/revisions\/1316"}],"wp:attachment":[{"href":"https:\/\/www.ee.usp.br\/proesa\/esp\/wp-json\/wp\/v2\/media?parent=305"}],"curies":[{"name":"wp","href":"https:\/\/api.w.org\/{rel}","templated":true}]}}