{"id":273,"date":"2023-03-14T17:22:59","date_gmt":"2023-03-14T20:22:59","guid":{"rendered":"https:\/\/www.ee.usp.br\/proesa\/esp\/?page_id=273"},"modified":"2025-02-25T14:22:31","modified_gmt":"2025-02-25T17:22:31","slug":"secretaria","status":"publish","type":"page","link":"https:\/\/www.ee.usp.br\/proesa\/esp\/secretaria","title":{"rendered":"Secretar\u00eda"},"content":{"rendered":"<p>Sean bienvenidos(as) a la secretar\u00eda en l\u00ednea del Programa de Postgrado en Enfermer\u00eda en la Salud del Adulto de la Universidad de Sao Paulo.<\/p>\n<p>Aqu\u00ed podr\u00e1 conocer el <a href=\"https:\/\/www.ee.usp.br\/proesa\/esp\/equipo-tecnico-de-apoyo\"><strong>Cuerpo Administrativo<\/strong><\/a> del programa bien como la Composici\u00f3n de la <strong><a href=\"https:\/\/www.ee.usp.br\/proesa\/esp\/comissao-coordenadora-do-programa-de-pos-graduacao-em-enfermagem-na-saude-do-adulto-cc-proesa\" target=\"_blank\" rel=\"noopener\">Comissi\u00f3n Coordinadora del\u00a0PROESA<\/a><\/strong>, entrar en\u00a0<a href=\"https:\/\/www.ee.usp.br\/proesa\/esp\/contato\"><strong>Contacto<\/strong><\/a> con nosotros, mantenerse informado sobre las\u00a0 <a href=\"https:\/\/www.ee.usp.br\/proesa\/esp\/matriculas\"><strong>Matr\u00edculas<\/strong><\/a>\u00a0 y visualizar y descargar los diversos formularios de nuestro programa.<\/p>\n<p>&nbsp;<\/p>\n","protected":false},"excerpt":{"rendered":"<p>Sean bienvenidos(as) a la secretar\u00eda en l\u00ednea del Programa de Postgrado en Enfermer\u00eda en la Salud del Adulto de la Universidad de Sao Paulo. Aqu\u00ed podr\u00e1 conocer el Cuerpo Administrativo del programa bien como la Composici\u00f3n de la Comissi\u00f3n Coordinadora del\u00a0PROESA, entrar en\u00a0Contacto con nosotros, mantenerse informado sobre las\u00a0 Matr\u00edculas\u00a0 y visualizar y descargar los [&hellip;]<\/p>\n","protected":false},"author":1,"featured_media":0,"parent":0,"menu_order":0,"comment_status":"closed","ping_status":"closed","template":"","meta":{"_acf_changed":false,"footnotes":""},"class_list":["post-273","page","type-page","status-publish","hentry"],"acf":[],"_links":{"self":[{"href":"https:\/\/www.ee.usp.br\/proesa\/esp\/wp-json\/wp\/v2\/pages\/273","targetHints":{"allow":["GET"]}}],"collection":[{"href":"https:\/\/www.ee.usp.br\/proesa\/esp\/wp-json\/wp\/v2\/pages"}],"about":[{"href":"https:\/\/www.ee.usp.br\/proesa\/esp\/wp-json\/wp\/v2\/types\/page"}],"author":[{"embeddable":true,"href":"https:\/\/www.ee.usp.br\/proesa\/esp\/wp-json\/wp\/v2\/users\/1"}],"replies":[{"embeddable":true,"href":"https:\/\/www.ee.usp.br\/proesa\/esp\/wp-json\/wp\/v2\/comments?post=273"}],"version-history":[{"count":13,"href":"https:\/\/www.ee.usp.br\/proesa\/esp\/wp-json\/wp\/v2\/pages\/273\/revisions"}],"predecessor-version":[{"id":1283,"href":"https:\/\/www.ee.usp.br\/proesa\/esp\/wp-json\/wp\/v2\/pages\/273\/revisions\/1283"}],"wp:attachment":[{"href":"https:\/\/www.ee.usp.br\/proesa\/esp\/wp-json\/wp\/v2\/media?parent=273"}],"curies":[{"name":"wp","href":"https:\/\/api.w.org\/{rel}","templated":true}]}}