{"id":263,"date":"2023-03-14T17:09:54","date_gmt":"2023-03-14T20:09:54","guid":{"rendered":"https:\/\/www.ee.usp.br\/proesa\/esp\/?page_id=263"},"modified":"2025-02-25T14:59:39","modified_gmt":"2025-02-25T17:59:39","slug":"editais-bolsas-e-auxilio","status":"publish","type":"page","link":"https:\/\/www.ee.usp.br\/proesa\/esp\/editais-bolsas-e-auxilio","title":{"rendered":"BECAS"},"content":{"rendered":"\t\t<div data-elementor-type=\"wp-page\" data-elementor-id=\"263\" class=\"elementor elementor-263\">\n\t\t\t\t\t\t<section class=\"elementor-section elementor-top-section elementor-element elementor-element-a5bc6aa elementor-section-boxed elementor-section-height-default elementor-section-height-default\" data-id=\"a5bc6aa\" data-element_type=\"section\" data-e-type=\"section\">\n\t\t\t\t\t\t<div class=\"elementor-container elementor-column-gap-default\">\n\t\t\t\t\t<div class=\"elementor-column elementor-col-33 elementor-top-column elementor-element elementor-element-ed50d2b\" data-id=\"ed50d2b\" data-element_type=\"column\" data-e-type=\"column\">\n\t\t\t<div class=\"elementor-widget-wrap elementor-element-populated\">\n\t\t\t\t\t\t<div class=\"elementor-element elementor-element-bdf42e3 elementor-widget elementor-widget-image\" data-id=\"bdf42e3\" data-element_type=\"widget\" data-e-type=\"widget\" data-widget_type=\"image.default\">\n\t\t\t\t<div class=\"elementor-widget-container\">\n\t\t\t\t\t\t\t\t\t\t\t\t\t\t\t<img fetchpriority=\"high\" decoding=\"async\" width=\"372\" height=\"501\" src=\"https:\/\/www.ee.usp.br\/proesa\/esp\/wp-content\/uploads\/2023\/06\/editais-bolsas-auxilios-1.jpg\" class=\"attachment-large size-large wp-image-957\" alt=\"\" srcset=\"https:\/\/www.ee.usp.br\/proesa\/esp\/wp-content\/uploads\/2023\/06\/editais-bolsas-auxilios-1.jpg 372w, https:\/\/www.ee.usp.br\/proesa\/esp\/wp-content\/uploads\/2023\/06\/editais-bolsas-auxilios-1-111x150.jpg 111w\" sizes=\"(max-width: 372px) 100vw, 372px\" \/>\t\t\t\t\t\t\t\t\t\t\t\t\t\t\t<\/div>\n\t\t\t\t<\/div>\n\t\t\t\t\t<\/div>\n\t\t<\/div>\n\t\t\t\t<div class=\"elementor-column elementor-col-66 elementor-top-column elementor-element elementor-element-0859456\" data-id=\"0859456\" data-element_type=\"column\" data-e-type=\"column\">\n\t\t\t<div class=\"elementor-widget-wrap elementor-element-populated\">\n\t\t\t\t\t\t<div class=\"elementor-element elementor-element-4f6e67e elementor-widget elementor-widget-text-editor\" data-id=\"4f6e67e\" data-element_type=\"widget\" data-e-type=\"widget\" data-widget_type=\"text-editor.default\">\n\t\t\t\t<div class=\"elementor-widget-container\">\n\t\t\t\t\t\t\t\t\t<h2>Becas<\/h2><p>El Programa PROESA cuenta con el apoyo de becas de estudios de organismos de fomento. Las agencias financiadoras de investigaci\u00f3n y formaci\u00f3n de recurso humano que ofrecen becas de estudio a los alumnos de posgrado matriculados en la maestr\u00eda y doctorado son: CAPES, CNPq, FAPESP.<\/p><p>Hay varias modalidades de becas destac\u00e1ndose para maestr\u00eda, doctorado, becas s\u00e1ndwich y pr\u00e1cticas de corta duraci\u00f3n.<\/p><p>Las becas ofrecidas por la FAPESP son otorgadas directamente por el organismo de fomento al alumno, mediante la solicitud del orientador.<\/p><p>Es competencia de la Comisi\u00f3n de Becas del programa la selecci\u00f3n, el otorgar y el acompa\u00f1amiento de los becarios, en los casos de las becas de CAPES y CNPq recibidas en el programa.<\/p>\t\t\t\t\t\t\t\t<\/div>\n\t\t\t\t<\/div>\n\t\t\t\t\t<\/div>\n\t\t<\/div>\n\t\t\t\t\t<\/div>\n\t\t<\/section>\n\t\t\t\t<section class=\"elementor-section elementor-top-section elementor-element elementor-element-63b43ed3 elementor-section-boxed elementor-section-height-default elementor-section-height-default\" data-id=\"63b43ed3\" data-element_type=\"section\" data-e-type=\"section\">\n\t\t\t\t\t\t<div class=\"elementor-container elementor-column-gap-default\">\n\t\t\t\t\t<div class=\"elementor-column elementor-col-100 elementor-top-column elementor-element elementor-element-7a769d6d\" data-id=\"7a769d6d\" data-element_type=\"column\" data-e-type=\"column\">\n\t\t\t<div class=\"elementor-widget-wrap elementor-element-populated\">\n\t\t\t\t\t\t<div class=\"elementor-element elementor-element-6767e341 elementor-widget elementor-widget-text-editor\" data-id=\"6767e341\" data-element_type=\"widget\" data-e-type=\"widget\" data-widget_type=\"text-editor.default\">\n\t\t\t\t<div class=\"elementor-widget-container\">\n\t\t\t\t\t\t\t\t\t<p>\u00bb Los valores de las mensualidades de las becas CAPES y CNPq pueden ser visualizados <strong><a href=\"https:\/\/www.gov.br\/cnpq\/pt-br\/acesso-a-informacao\/bolsas-e-auxilios\/copy_of_modalidades\" target=\"_blank\" rel=\"noopener\">CLICANDO AQU\u00cd.<\/a><\/strong><\/p><p>Actualmente, el recibimiento de pedido de beca es de flujo continuo a partir de la matr\u00edcula y se analizan siempre y cuando existan becas disponibles. Los criterios para otorgaci\u00f3n y para el acumulo de becas con actividad remunerada, con base en la <a href=\"http:\/\/cad.capes.gov.br\/ato-administrativo-detalhar?idAtoAdmElastic=12302\" target=\"_blank\" rel=\"noopener\"><strong>ordenanza CAPES N\u00b0 133, de 10.07.2023<\/strong><\/a>, est\u00e1n disponibles <strong><a href=\"https:\/\/www.ee.usp.br\/proesa\/wp-content\/uploads\/2025\/02\/criteriosconcessaoacumulobolsa.pdf\" target=\"_blank\" rel=\"noopener\">CLICANDO AQU\u00cd.<\/a><\/strong><\/p><p>Becarios interesados en solicitar el acumulo de becas con el futuro ejercicio de actividad remunerada deben enviar al email <a href=\"mailto:ppg.proesa.ee@usp.br\">ppg.proesa.ee@usp.br<\/a> la siguiente documentaci\u00f3n:<\/p><p>\u00bb Formulario de solicitud de acumulo de becas (<a href=\"https:\/\/www.ee.usp.br\/proesa\/wp-content\/uploads\/2025\/02\/solicitacaoconcessaobolsa.docx\" target=\"_blank\" rel=\"noopener\"><strong>disponible aqu\u00ed<\/strong><\/a>) y respectivos comprobantes.<\/p><p>Estudiantes de PROESA interesados(as) en solicitar beca CAPES o CNPq deben enviar al email <a href=\"mailto:ppg.proesa.ee@usp.br\">ppg.proesa.ee@usp.br<\/a> la siguiente documentaci\u00f3n:<\/p><p>\u00bb Formulario de solicitud de Beca de Estudios (<a href=\"https:\/\/www.ee.usp.br\/proesa\/wp-content\/uploads\/2025\/02\/solicitacaoconcessaobolsa.docx\" target=\"_blank\" rel=\"noopener\"><strong>disponible aqu\u00ed<\/strong><\/a>);<\/p><p>\u00bb Documentos profesionales comprobatorios;<\/p><p>\u00bb Comprobante de residencia con el nombre del alumno o declaraci\u00f3n del propietario del inmueble en que el alumno reside (junto con el comprobante de residencia con el nombre del propietario y copia del documento de identificaci\u00f3n del mismo);<\/p><p>\u00bb Autodeclaraci\u00f3n \u00c9tnico racial (<a href=\"https:\/\/www.ee.usp.br\/proesa\/wp-content\/uploads\/2025\/02\/autodeclaracaoetnicoracial.docx\" target=\"_blank\" rel=\"noopener\"><strong>disponible aqu\u00ed<\/strong><\/a>), caso indique \u201cSi\u201d en el campo \u201cPPI\u201d en el formulario de la solicitud de Beca de Estudios.<\/p><p>Los estudiantes de doctorado pueden desarrollar parte de su trabajo de tesis en instituciones extranjeras por medio de programas espec\u00edficos de la CAPES y de la CNPq.<\/p><p>Los estudiantes de posdoctorado tienen la oportunidad de involucrarse en la docencia, en la investigaci\u00f3n y orientaci\u00f3n de la USP por medio de un programa espec\u00edfico de la CAPES.<\/p>\t\t\t\t\t\t\t\t<\/div>\n\t\t\t\t<\/div>\n\t\t\t\t\t<\/div>\n\t\t<\/div>\n\t\t\t\t\t<\/div>\n\t\t<\/section>\n\t\t\t\t<section class=\"elementor-section elementor-top-section elementor-element elementor-element-dac3f2c elementor-section-boxed elementor-section-height-default elementor-section-height-default\" data-id=\"dac3f2c\" data-element_type=\"section\" data-e-type=\"section\">\n\t\t\t\t\t\t<div class=\"elementor-container elementor-column-gap-default\">\n\t\t\t\t\t<div class=\"elementor-column elementor-col-100 elementor-top-column elementor-element elementor-element-3fd6e41\" data-id=\"3fd6e41\" data-element_type=\"column\" data-e-type=\"column\">\n\t\t\t<div class=\"elementor-widget-wrap elementor-element-populated\">\n\t\t\t\t\t\t<div class=\"elementor-element elementor-element-01104b8 elementor-widget elementor-widget-text-editor\" data-id=\"01104b8\" data-element_type=\"widget\" data-e-type=\"widget\" data-widget_type=\"text-editor.default\">\n\t\t\t\t<div class=\"elementor-widget-container\">\n\t\t\t\t\t\t\t\t\t<h2><strong>Auxilio<\/strong><\/h2><p>La movilizaci\u00f3n de docentes y alumnos para participaci\u00f3n u organizaci\u00f3n de eventos cient\u00edficos, puede ser apoyada por la Prorrector\u00eda de Posgrado y por las agencias de fomento FAPESP, CAPES y CNPq.<\/p><p>Informaci\u00f3n sobre el auxilio financiero para la participaci\u00f3n en eventos, con recursos de la CAPES, pueden ser visualizados por medio del <a href=\"https:\/\/www.ee.usp.br\/proesa\/formulario-do-aluno\" target=\"_blank\" rel=\"noopener\"><strong>enlace<\/strong><\/a>.<\/p>\t\t\t\t\t\t\t\t<\/div>\n\t\t\t\t<\/div>\n\t\t\t\t\t<\/div>\n\t\t<\/div>\n\t\t\t\t\t<\/div>\n\t\t<\/section>\n\t\t\t\t<section class=\"elementor-section elementor-top-section elementor-element elementor-element-0f6bc6b elementor-section-boxed elementor-section-height-default elementor-section-height-default\" data-id=\"0f6bc6b\" data-element_type=\"section\" data-e-type=\"section\">\n\t\t\t\t\t\t<div class=\"elementor-container elementor-column-gap-default\">\n\t\t\t\t\t<div class=\"elementor-column elementor-col-100 elementor-top-column elementor-element elementor-element-ad2c4d4\" data-id=\"ad2c4d4\" data-element_type=\"column\" data-e-type=\"column\">\n\t\t\t<div class=\"elementor-widget-wrap elementor-element-populated\">\n\t\t\t\t\t\t<div class=\"elementor-element elementor-element-d36e062 elementor-widget elementor-widget-spacer\" data-id=\"d36e062\" data-element_type=\"widget\" data-e-type=\"widget\" data-widget_type=\"spacer.default\">\n\t\t\t\t<div class=\"elementor-widget-container\">\n\t\t\t\t\t\t\t<div class=\"elementor-spacer\">\n\t\t\t<div class=\"elementor-spacer-inner\"><\/div>\n\t\t<\/div>\n\t\t\t\t\t\t<\/div>\n\t\t\t\t<\/div>\n\t\t\t\t\t<\/div>\n\t\t<\/div>\n\t\t\t\t\t<\/div>\n\t\t<\/section>\n\t\t\t\t<\/div>\n\t\t","protected":false},"excerpt":{"rendered":"<p>Becas El Programa PROESA cuenta con el apoyo de becas de estudios de organismos de fomento. Las agencias financiadoras de investigaci\u00f3n y formaci\u00f3n de recurso humano que ofrecen becas de estudio a los alumnos de posgrado matriculados en la maestr\u00eda y doctorado son: CAPES, CNPq, FAPESP. Hay varias modalidades de becas destac\u00e1ndose para maestr\u00eda, doctorado, [&hellip;]<\/p>\n","protected":false},"author":1,"featured_media":0,"parent":0,"menu_order":0,"comment_status":"closed","ping_status":"closed","template":"","meta":{"_acf_changed":false,"footnotes":""},"class_list":["post-263","page","type-page","status-publish","hentry"],"acf":[],"_links":{"self":[{"href":"https:\/\/www.ee.usp.br\/proesa\/esp\/wp-json\/wp\/v2\/pages\/263","targetHints":{"allow":["GET"]}}],"collection":[{"href":"https:\/\/www.ee.usp.br\/proesa\/esp\/wp-json\/wp\/v2\/pages"}],"about":[{"href":"https:\/\/www.ee.usp.br\/proesa\/esp\/wp-json\/wp\/v2\/types\/page"}],"author":[{"embeddable":true,"href":"https:\/\/www.ee.usp.br\/proesa\/esp\/wp-json\/wp\/v2\/users\/1"}],"replies":[{"embeddable":true,"href":"https:\/\/www.ee.usp.br\/proesa\/esp\/wp-json\/wp\/v2\/comments?post=263"}],"version-history":[{"count":22,"href":"https:\/\/www.ee.usp.br\/proesa\/esp\/wp-json\/wp\/v2\/pages\/263\/revisions"}],"predecessor-version":[{"id":1314,"href":"https:\/\/www.ee.usp.br\/proesa\/esp\/wp-json\/wp\/v2\/pages\/263\/revisions\/1314"}],"wp:attachment":[{"href":"https:\/\/www.ee.usp.br\/proesa\/esp\/wp-json\/wp\/v2\/media?parent=263"}],"curies":[{"name":"wp","href":"https:\/\/api.w.org\/{rel}","templated":true}]}}