{"id":246,"date":"2023-03-14T16:16:19","date_gmt":"2023-03-14T19:16:19","guid":{"rendered":"https:\/\/www.ee.usp.br\/proesa\/esp\/?page_id=246"},"modified":"2025-02-25T14:29:54","modified_gmt":"2025-02-25T17:29:54","slug":"formulario-do-docente","status":"publish","type":"page","link":"https:\/\/www.ee.usp.br\/proesa\/esp\/formulario-do-docente","title":{"rendered":"Formulario del Docente"},"content":{"rendered":"\t\t<div data-elementor-type=\"wp-page\" data-elementor-id=\"246\" class=\"elementor elementor-246\">\n\t\t\t\t\t\t<section class=\"elementor-section elementor-top-section elementor-element elementor-element-a436c8b elementor-section-boxed elementor-section-height-default elementor-section-height-default\" data-id=\"a436c8b\" data-element_type=\"section\" data-e-type=\"section\">\n\t\t\t\t\t\t<div class=\"elementor-container elementor-column-gap-default\">\n\t\t\t\t\t<div class=\"elementor-column elementor-col-33 elementor-top-column elementor-element elementor-element-83ca23d\" data-id=\"83ca23d\" data-element_type=\"column\" data-e-type=\"column\">\n\t\t\t<div class=\"elementor-widget-wrap elementor-element-populated\">\n\t\t\t\t\t\t<div class=\"elementor-element elementor-element-32b38f8 elementor-widget elementor-widget-image\" data-id=\"32b38f8\" data-element_type=\"widget\" data-e-type=\"widget\" data-widget_type=\"image.default\">\n\t\t\t\t<div class=\"elementor-widget-container\">\n\t\t\t\t\t\t\t\t\t\t\t\t\t\t\t<img fetchpriority=\"high\" decoding=\"async\" width=\"370\" height=\"526\" src=\"https:\/\/www.ee.usp.br\/proesa\/esp\/wp-content\/uploads\/2025\/02\/formulario-del-docente.png\" class=\"attachment-large size-large wp-image-1231\" alt=\"\" srcset=\"https:\/\/www.ee.usp.br\/proesa\/esp\/wp-content\/uploads\/2025\/02\/formulario-del-docente.png 370w, https:\/\/www.ee.usp.br\/proesa\/esp\/wp-content\/uploads\/2025\/02\/formulario-del-docente-106x150.png 106w\" sizes=\"(max-width: 370px) 100vw, 370px\" \/>\t\t\t\t\t\t\t\t\t\t\t\t\t\t\t<\/div>\n\t\t\t\t<\/div>\n\t\t\t\t\t<\/div>\n\t\t<\/div>\n\t\t\t\t<div class=\"elementor-column elementor-col-66 elementor-top-column elementor-element elementor-element-e47b4d1\" data-id=\"e47b4d1\" data-element_type=\"column\" data-e-type=\"column\">\n\t\t\t<div class=\"elementor-widget-wrap elementor-element-populated\">\n\t\t\t\t\t\t<div class=\"elementor-element elementor-element-f1ab4b4 elementor-widget elementor-widget-text-editor\" data-id=\"f1ab4b4\" data-element_type=\"widget\" data-e-type=\"widget\" data-widget_type=\"text-editor.default\">\n\t\t\t\t<div class=\"elementor-widget-container\">\n\t\t\t\t\t\t\t\t\t<h2>Formularios para la sugesti\u00f3n de comit\u00e9 para:<\/h2><div><p><strong>Examen de Calificaci\u00f3n:<br \/><\/strong>\u00bb<a href=\"https:\/\/www.ee.usp.br\/proesa\/wp-content\/uploads\/2025\/02\/banca-exame-de-qualificacao-proesa-2019.docx\" target=\"_blank\" rel=\"noopener\"> Formulario de Indicaci\u00f3n de Comit\u00e9 \u2013 Examen de Calificaci\u00f3n<\/a><\/p><\/div><div><p><strong>Defensa de Maestr\u00eda:<br \/><\/strong>\u00bb <a href=\"https:\/\/www.ee.usp.br\/proesa\/wp-content\/uploads\/2025\/02\/banca-defesa-rpg-2018-rcpg-2019.docx\" target=\"_blank\" rel=\"noopener\">Formulario de Indicaci\u00f3n de Comit\u00e9 \u2013 Maestr\u00eda \/ Doctorado<\/a><\/p><p><strong>Defensa de Doctorado:<br \/><\/strong>\u00bb <a href=\"https:\/\/www.ee.usp.br\/proesa\/wp-content\/uploads\/2025\/02\/banca-defesa-doutorado-rpg-2013-rcpg-2016.docx\" target=\"_blank\" rel=\"noopener\">Formulario de Indicaci\u00f3n de Comit\u00e9 \u2013 Doctorado<\/a> (Ingreso hasta el 03\/10\/2019 sin solicitud de cambio de reglamento)<\/p><p>\u00bb <a href=\"https:\/\/www.ee.usp.br\/proesa\/wp-content\/uploads\/2025\/02\/banca-defesa-rpg-2018-rcpg-2019.docx\" target=\"_blank\" rel=\"noopener\">Formulario de Indicaci\u00f3n de Comit\u00e9 \u2013 Maestr\u00eda \/ Doctorado<\/a> (Ingreso a partir del 04\/10\/2019 o con solicitud de cambio de reglamento)<\/p><p><strong>Formularios para la proposici\u00f3n de disciplinas:<br \/><\/strong>\u00bb <a href=\"https:\/\/www.ee.usp.br\/proesa\/wp-content\/uploads\/2023\/10\/carta-solicitacao-recredenciamento-disciplina.docx\" target=\"_blank\" rel=\"noopener\">Carta para la solicitud de (re)acreditaci\u00f3n de disciplina<\/a><\/p><p>\u00bb <a href=\"https:\/\/www.ee.usp.br\/wp-content\/uploads\/2024\/12\/Formulario_ReCredenciamento_Disciplina_2024.12.docx\" target=\"_blank\" rel=\"noopener\">Formulario para la proposici\u00f3n de (re)acreditaci\u00f3n de disciplinas de PROESA<\/a><\/p><p>\u00bb <a href=\"https:\/\/www.ee.usp.br\/proesa\/wp-content\/uploads\/2023\/11\/distribuicao-carga-horaria.xls\" target=\"_blank\" rel=\"noopener\">Cuadro de distribuci\u00f3n de la carga horario de las disciplinas<\/a><\/p><\/div><div><p><strong>Formularios para (Re)acreditaci\u00f3n en el PROESA:<br \/><\/strong>\u00bb <a href=\"https:\/\/www.ee.usp.br\/proesa\/wp-content\/uploads\/2023\/10\/carta-re-credenciamento-orientador.docx\" target=\"_blank\" rel=\"noopener\">Carta para solicitud de (re)acreditaci\u00f3n en PROESA<\/a><\/p><p>\u00bb <a href=\"https:\/\/www.ee.usp.br\/proesa\/wp-content\/uploads\/2024\/11\/formulario-recredenciamento-orientador-mestrado-proesa-regulamento-2023.docx\" target=\"_blank\" rel=\"noopener\">Formulario para solicitar la (re)acreditaci\u00f3n como orientador en el curso de MAESTR\u00cdA de PROESA<\/a><\/p><p>\u00bb <a href=\"https:\/\/www.ee.usp.br\/proesa\/wp-content\/uploads\/2024\/11\/formulario-recredenciamento-orientador-doutorado-proesa-regulamento-2023.docx\" target=\"_blank\" rel=\"noopener\">Formulario para solicitar la (re)acreditaci\u00f3n como orientador en el curso de DOCTORADO de PROESA<\/a><\/p><\/div>\t\t\t\t\t\t\t\t<\/div>\n\t\t\t\t<\/div>\n\t\t\t\t\t<\/div>\n\t\t<\/div>\n\t\t\t\t\t<\/div>\n\t\t<\/section>\n\t\t\t\t<section class=\"elementor-section elementor-top-section elementor-element elementor-element-29238c1 elementor-section-boxed elementor-section-height-default elementor-section-height-default\" data-id=\"29238c1\" data-element_type=\"section\" data-e-type=\"section\">\n\t\t\t\t\t\t<div class=\"elementor-container elementor-column-gap-default\">\n\t\t\t\t\t<div class=\"elementor-column elementor-col-100 elementor-top-column elementor-element elementor-element-2305a3b\" data-id=\"2305a3b\" data-element_type=\"column\" data-e-type=\"column\">\n\t\t\t<div class=\"elementor-widget-wrap elementor-element-populated\">\n\t\t\t\t\t\t<div class=\"elementor-element elementor-element-6bd3af6 elementor-widget elementor-widget-text-editor\" data-id=\"6bd3af6\" data-element_type=\"widget\" data-e-type=\"widget\" data-widget_type=\"text-editor.default\">\n\t\t\t\t<div class=\"elementor-widget-container\">\n\t\t\t\t\t\t\t\t\t<div><p><strong><span style=\"color: #ff0000;\">(Temporariamente suspendido)<\/span> Formularios y orientaciones para la solicitud de auxilio financiero para participaci\u00f3n de evento cient\u00edfico:<\/strong><\/p><p>\u00bb <a href=\"https:\/\/www.ee.usp.br\/proesa\/wp-content\/uploads\/2024\/11\/criterios-concessao-auxilio-docente-1023.pdf\" target=\"_blank\" rel=\"noopener\">Documentaci\u00f3n para solicitud y criterios de concesi\u00f3n y priorizaci\u00f3n<\/a><\/p><p>\u00bb <a href=\"https:\/\/www.ee.usp.br\/proesa\/wp-content\/uploads\/2025\/02\/docente-formulario-auxilio-proesa.docx\" target=\"_blank\" rel=\"noopener\">Formularios de solicitud de auxilio financiero para la participaci\u00f3n en evento<\/a><\/p><p><strong><span style=\"color: #ff0000;\">(Temporalmente suspendido)<\/span> Formularios y orientaciones para la solicitud de auxilios financieros para la publicaci\u00f3n de art\u00edculos cient\u00edficos:<\/strong><\/p><p>\u00bb <a href=\"https:\/\/www.ee.usp.br\/proesa\/wp-content\/uploads\/2024\/11\/criterios-publicacao-artigo-042024.pdf\" target=\"_blank\" rel=\"noopener\">Criterios de concesi\u00f3n de auxilio y orientaci\u00f3n para la solicitud<\/a><\/p><p>\u00bb <a href=\"https:\/\/www.ee.usp.br\/proesa\/wp-content\/uploads\/2025\/02\/docente-formulario-auxilio-proesa.docx\" target=\"_blank\" rel=\"noopener\">Formulario para la solicitud de auxilio financiero para la traducci\u00f3n de art\u00edculos<\/a><\/p><\/div>\t\t\t\t\t\t\t\t<\/div>\n\t\t\t\t<\/div>\n\t\t\t\t\t<\/div>\n\t\t<\/div>\n\t\t\t\t\t<\/div>\n\t\t<\/section>\n\t\t\t\t<\/div>\n\t\t","protected":false},"excerpt":{"rendered":"<p>Formularios para la sugesti\u00f3n de comit\u00e9 para: Examen de Calificaci\u00f3n:\u00bb Formulario de Indicaci\u00f3n de Comit\u00e9 \u2013 Examen de Calificaci\u00f3n Defensa de Maestr\u00eda:\u00bb Formulario de Indicaci\u00f3n de Comit\u00e9 \u2013 Maestr\u00eda \/ Doctorado Defensa de Doctorado:\u00bb Formulario de Indicaci\u00f3n de Comit\u00e9 \u2013 Doctorado (Ingreso hasta el 03\/10\/2019 sin solicitud de cambio de reglamento) \u00bb Formulario de Indicaci\u00f3n [&hellip;]<\/p>\n","protected":false},"author":1,"featured_media":0,"parent":0,"menu_order":0,"comment_status":"closed","ping_status":"closed","template":"","meta":{"_acf_changed":false,"footnotes":""},"class_list":["post-246","page","type-page","status-publish","hentry"],"acf":[],"_links":{"self":[{"href":"https:\/\/www.ee.usp.br\/proesa\/esp\/wp-json\/wp\/v2\/pages\/246","targetHints":{"allow":["GET"]}}],"collection":[{"href":"https:\/\/www.ee.usp.br\/proesa\/esp\/wp-json\/wp\/v2\/pages"}],"about":[{"href":"https:\/\/www.ee.usp.br\/proesa\/esp\/wp-json\/wp\/v2\/types\/page"}],"author":[{"embeddable":true,"href":"https:\/\/www.ee.usp.br\/proesa\/esp\/wp-json\/wp\/v2\/users\/1"}],"replies":[{"embeddable":true,"href":"https:\/\/www.ee.usp.br\/proesa\/esp\/wp-json\/wp\/v2\/comments?post=246"}],"version-history":[{"count":77,"href":"https:\/\/www.ee.usp.br\/proesa\/esp\/wp-json\/wp\/v2\/pages\/246\/revisions"}],"predecessor-version":[{"id":1292,"href":"https:\/\/www.ee.usp.br\/proesa\/esp\/wp-json\/wp\/v2\/pages\/246\/revisions\/1292"}],"wp:attachment":[{"href":"https:\/\/www.ee.usp.br\/proesa\/esp\/wp-json\/wp\/v2\/media?parent=246"}],"curies":[{"name":"wp","href":"https:\/\/api.w.org\/{rel}","templated":true}]}}