{"id":240,"date":"2023-03-14T16:01:19","date_gmt":"2023-03-14T19:01:19","guid":{"rendered":"https:\/\/www.ee.usp.br\/proesa\/esp\/?page_id=240"},"modified":"2025-02-25T14:49:04","modified_gmt":"2025-02-25T17:49:04","slug":"formulario-do-aluno","status":"publish","type":"page","link":"https:\/\/www.ee.usp.br\/proesa\/esp\/formulario-do-aluno","title":{"rendered":"Formularios del alumno"},"content":{"rendered":"\t\t<div data-elementor-type=\"wp-page\" data-elementor-id=\"240\" class=\"elementor elementor-240\">\n\t\t\t\t\t\t<section class=\"elementor-section elementor-top-section elementor-element elementor-element-d717fca elementor-section-boxed elementor-section-height-default elementor-section-height-default\" data-id=\"d717fca\" data-element_type=\"section\" data-e-type=\"section\">\n\t\t\t\t\t\t<div class=\"elementor-container elementor-column-gap-default\">\n\t\t\t\t\t<div class=\"elementor-column elementor-col-33 elementor-top-column elementor-element elementor-element-82364e7\" data-id=\"82364e7\" data-element_type=\"column\" data-e-type=\"column\">\n\t\t\t<div class=\"elementor-widget-wrap elementor-element-populated\">\n\t\t\t\t\t\t<div class=\"elementor-element elementor-element-420e157 elementor-widget elementor-widget-image\" data-id=\"420e157\" data-element_type=\"widget\" data-e-type=\"widget\" data-widget_type=\"image.default\">\n\t\t\t\t<div class=\"elementor-widget-container\">\n\t\t\t\t\t\t\t\t\t\t\t\t\t\t\t<img fetchpriority=\"high\" decoding=\"async\" width=\"370\" height=\"418\" src=\"https:\/\/www.ee.usp.br\/proesa\/esp\/wp-content\/uploads\/2025\/02\/alunnos.png\" class=\"attachment-large size-large wp-image-1219\" alt=\"\" srcset=\"https:\/\/www.ee.usp.br\/proesa\/esp\/wp-content\/uploads\/2025\/02\/alunnos.png 370w, https:\/\/www.ee.usp.br\/proesa\/esp\/wp-content\/uploads\/2025\/02\/alunnos-133x150.png 133w\" sizes=\"(max-width: 370px) 100vw, 370px\" \/>\t\t\t\t\t\t\t\t\t\t\t\t\t\t\t<\/div>\n\t\t\t\t<\/div>\n\t\t\t\t\t<\/div>\n\t\t<\/div>\n\t\t\t\t<div class=\"elementor-column elementor-col-66 elementor-top-column elementor-element elementor-element-d7953e3\" data-id=\"d7953e3\" data-element_type=\"column\" data-e-type=\"column\">\n\t\t\t<div class=\"elementor-widget-wrap elementor-element-populated\">\n\t\t\t\t\t\t<div class=\"elementor-element elementor-element-3f4ba7b elementor-widget elementor-widget-text-editor\" data-id=\"3f4ba7b\" data-element_type=\"widget\" data-e-type=\"widget\" data-widget_type=\"text-editor.default\">\n\t\t\t\t<div class=\"elementor-widget-container\">\n\t\t\t\t\t\t\t\t\t<p>\u00bb <a href=\"https:\/\/www.ee.usp.br\/wp-content\/uploads\/2023\/09\/Tutorial_Requerimento_online.pdf\" target=\"_blank\" rel=\"noopener\">Tutorial \u2013 Solicitud en l\u00ednea Janus<\/a><\/p><p>\u00bb <a href=\"https:\/\/www.ee.usp.br\/proesa\/wp-content\/uploads\/2023\/10\/matricula-aluno-regular-1.docx\" target=\"_blank\" rel=\"noopener\">Solicitud de matr\u00edcula \u2013 Alumno regular<\/a><\/p><p>\u00bb <a href=\"https:\/\/www.ee.usp.br\/proesa\/wp-content\/uploads\/2023\/10\/plano-estudos-proesa-mestrado-doutorado.doc\" target=\"_blank\" rel=\"noopener\">Plano de estudios \u2013 Maestr\u00eda y Doctorado<\/a><\/p><p>\u00bb <a href=\"https:\/\/www.ee.usp.br\/proesa\/wp-content\/uploads\/2023\/10\/plano-estudos-proesa-doutorado-direto.doc\" target=\"_blank\" rel=\"noopener\">Plano de estudios \u2013 Doctorado Directo<\/a><\/p><p>\u00bb <a href=\"https:\/\/www.ee.usp.br\/proesa\/wp-content\/uploads\/2024\/07\/declaracao-orientador-sptrans-emtu.docx\" target=\"_blank\" rel=\"noopener\">Declaraci\u00f3n de frecuencia semanal \u2013 SPTrans \u2013 EMTU<\/a><\/p><p>\u00bb <a href=\"https:\/\/www.ee.usp.br\/proesa\/wp-content\/uploads\/2023\/10\/formulario-participacao-banca-aluno-proesa.docx\" target=\"_blank\" rel=\"noopener\">Formulario para el registro como oyente de Examen de calificaci\u00f3n o Defensa de Disertaci\u00f3n \/ Tesis para alumno de PROESA<\/a><\/p><p>\u00bb <a href=\"https:\/\/docs.google.com\/forms\/d\/e\/1FAIpQLSf011xu_FZtNBcCO3sJwdZHJkiPDlmHSwNkWzpJZE_YM_NMUw\/viewform?pli=1\" target=\"_blank\" rel=\"noopener\">Enlace para evaluaci\u00f3n de Disciplinas cursadas por alumnos de PROESA<\/a><\/p>\t\t\t\t\t\t\t\t<\/div>\n\t\t\t\t<\/div>\n\t\t\t\t\t<\/div>\n\t\t<\/div>\n\t\t\t\t\t<\/div>\n\t\t<\/section>\n\t\t\t\t<section class=\"elementor-section elementor-top-section elementor-element elementor-element-5d01a79 elementor-section-boxed elementor-section-height-default elementor-section-height-default\" data-id=\"5d01a79\" data-element_type=\"section\" data-e-type=\"section\">\n\t\t\t\t\t\t<div class=\"elementor-container elementor-column-gap-default\">\n\t\t\t\t\t<div class=\"elementor-column elementor-col-100 elementor-top-column elementor-element elementor-element-e8a67b1\" data-id=\"e8a67b1\" data-element_type=\"column\" data-e-type=\"column\">\n\t\t\t<div class=\"elementor-widget-wrap elementor-element-populated\">\n\t\t\t\t\t\t<div class=\"elementor-element elementor-element-0f8c164 elementor-widget elementor-widget-heading\" data-id=\"0f8c164\" data-element_type=\"widget\" data-e-type=\"widget\" data-widget_type=\"heading.default\">\n\t\t\t\t<div class=\"elementor-widget-container\">\n\t\t\t\t\t<h2 class=\"elementor-heading-title elementor-size-default\">\nFORMULARIOS Y ORIENTACIONES PARA INSCRIPCI\u00d3N EN EXAMEN DE CALIFICACI\u00d3N\n<\/h2>\t\t\t\t<\/div>\n\t\t\t\t<\/div>\n\t\t\t\t<div class=\"elementor-element elementor-element-d0b2e5e elementor-widget elementor-widget-text-editor\" data-id=\"d0b2e5e\" data-element_type=\"widget\" data-e-type=\"widget\" data-widget_type=\"text-editor.default\">\n\t\t\t\t<div class=\"elementor-widget-container\">\n\t\t\t\t\t\t\t\t\t<p>\u00bb <a href=\"https:\/\/www.ee.usp.br\/proesa\/wp-content\/uploads\/2024\/12\/orientacoes-inscricao-eq-proesa-122024.pdf\" target=\"_blank\" rel=\"noopener\">Orientaciones para inscripci\u00f3n en el Examen de Calificaci\u00f3n<\/a><\/p><p>\u00bb <a href=\"https:\/\/www.ee.usp.br\/proesa\/wp-content\/uploads\/2024\/12\/avaliacao-anual-proesa.docx\" target=\"_blank\" rel=\"noopener\">Formulario de evaluaci\u00f3n de desempe\u00f1o del alumno<\/a><\/p><p>\u00bb <a href=\"https:\/\/www.ee.usp.br\/proesa\/wp-content\/uploads\/2023\/10\/plano-estudos-proesa-mestrado-doutorado.doc\" target=\"_blank\" rel=\"noopener\">Plan de estudios \u2013 Maestr\u00eda y Doctorado<\/a><\/p><p>\u00bb <a href=\"https:\/\/www.ee.usp.br\/proesa\/wp-content\/uploads\/2023\/10\/plano-estudos-proesa-doutorado-direto.doc\" target=\"_blank\" rel=\"noopener\">Plan de estudios \u2013Doctorado Directo<\/a><\/p><p>\u00bb <a href=\"https:\/\/www.ee.usp.br\/proesa\/wp-content\/uploads\/2024\/12\/1termo-de-inscricao-eq-a-partir-de-041019-proesa-turnitin.docx\" target=\"_blank\" rel=\"noopener\">T\u00e9rmino de Inscripci\u00f3n en el Examen de Calificaci\u00f3n<\/a><\/p>\t\t\t\t\t\t\t\t<\/div>\n\t\t\t\t<\/div>\n\t\t\t\t\t<\/div>\n\t\t<\/div>\n\t\t\t\t\t<\/div>\n\t\t<\/section>\n\t\t\t\t<section class=\"elementor-section elementor-top-section elementor-element elementor-element-0451cbf elementor-section-boxed elementor-section-height-default elementor-section-height-default\" data-id=\"0451cbf\" data-element_type=\"section\" data-e-type=\"section\">\n\t\t\t\t\t\t<div class=\"elementor-container elementor-column-gap-default\">\n\t\t\t\t\t<div class=\"elementor-column elementor-col-100 elementor-top-column elementor-element elementor-element-b349d6c\" data-id=\"b349d6c\" data-element_type=\"column\" data-e-type=\"column\">\n\t\t\t<div class=\"elementor-widget-wrap elementor-element-populated\">\n\t\t\t\t\t\t<div class=\"elementor-element elementor-element-5928b09 elementor-widget elementor-widget-heading\" data-id=\"5928b09\" data-element_type=\"widget\" data-e-type=\"widget\" data-widget_type=\"heading.default\">\n\t\t\t\t<div class=\"elementor-widget-container\">\n\t\t\t\t\t<h2 class=\"elementor-heading-title elementor-size-default\">FORMULARIOS Y ORIENTACIONES PARA EL DEP\u00d3SITO DE LA DISERTACI\u00d3N O TESIS <\/h2>\t\t\t\t<\/div>\n\t\t\t\t<\/div>\n\t\t\t\t<div class=\"elementor-element elementor-element-39bfc71 elementor-widget elementor-widget-text-editor\" data-id=\"39bfc71\" data-element_type=\"widget\" data-e-type=\"widget\" data-widget_type=\"text-editor.default\">\n\t\t\t\t<div class=\"elementor-widget-container\">\n\t\t\t\t\t\t\t\t\t<p>\u00bb <a href=\"https:\/\/www.ee.usp.br\/proesa\/wp-content\/uploads\/2024\/12\/3ingresso-a-partir-de-041019-proesa-turnitin.docx\" target=\"_blank\" rel=\"noopener\">T\u00e9rmino de Dep\u00f3sito \u2013 <strong>(Ingreso a partir del 04\/10\/2019 o alumno(a) que pidi\u00f3 cambios de reglamento)<\/strong><\/a><\/p><p>\u00bb <a href=\"https:\/\/www.ee.usp.br\/proesa\/wp-content\/uploads\/2024\/12\/2ingresso-ate-031019-proesa-turnitin.docx\" target=\"_blank\" rel=\"noopener\">T\u00e9rmino de Dep\u00f3sito \u2013<strong> (Ingreso hasta el 03\/10\/2019)<\/strong><\/a><\/p><p>\u00bb <a href=\"https:\/\/www.ee.usp.br\/proesa\/wp-content\/uploads\/2024\/06\/avaliacao-capes-2024.doc\" target=\"_blank\" rel=\"noopener\">Evaluaci\u00f3n CAPES (para becarios y no becarios)<\/a><\/p><p>\u00bb <a href=\"https:\/\/www.ee.usp.br\/proesa\/wp-content\/uploads\/2023\/10\/autbibliodigital-2020.doc\" target=\"_blank\" rel=\"noopener\">Autorizaci\u00f3n de divulgaci\u00f3n en la BDTD USP (Biblioteca Digital)<\/a><\/p><p>\u00bb <a href=\"http:\/\/www2.ee.usp.br\/pos\/doc\/Acervo_Reservado_BDTD.docx\" target=\"_blank\" rel=\"noopener\">Solicitud de manutenci\u00f3n de la Disertaci\u00f3n o Tesis en Colecci\u00f3n Reservada \u2013 Biblioteca Digital<\/a><\/p><p>\u00bb <a href=\"https:\/\/www.ee.usp.br\/deposito-digital\/\" target=\"_blank\" rel=\"noopener\">Orientaciones para el dep\u00f3sito digital en el sistema Janus<\/a><\/p>\t\t\t\t\t\t\t\t<\/div>\n\t\t\t\t<\/div>\n\t\t\t\t\t<\/div>\n\t\t<\/div>\n\t\t\t\t\t<\/div>\n\t\t<\/section>\n\t\t\t\t<section class=\"elementor-section elementor-top-section elementor-element elementor-element-7c58a5f elementor-section-boxed elementor-section-height-default elementor-section-height-default\" data-id=\"7c58a5f\" data-element_type=\"section\" data-e-type=\"section\">\n\t\t\t\t\t\t<div class=\"elementor-container elementor-column-gap-default\">\n\t\t\t\t\t<div class=\"elementor-column elementor-col-100 elementor-top-column elementor-element elementor-element-d353779\" data-id=\"d353779\" data-element_type=\"column\" data-e-type=\"column\">\n\t\t\t<div class=\"elementor-widget-wrap elementor-element-populated\">\n\t\t\t\t\t\t<div class=\"elementor-element elementor-element-e291d3b elementor-widget elementor-widget-heading\" data-id=\"e291d3b\" data-element_type=\"widget\" data-e-type=\"widget\" data-widget_type=\"heading.default\">\n\t\t\t\t<div class=\"elementor-widget-container\">\n\t\t\t\t\t<h2 class=\"elementor-heading-title elementor-size-default\">\n(Temporariamente suspendido) Formulario y orientaciones para la solicitud de auxilios financiero para participaci\u00f3n en eventos cient\u00edficos\n<\/h2>\t\t\t\t<\/div>\n\t\t\t\t<\/div>\n\t\t\t\t<div class=\"elementor-element elementor-element-226ced1 elementor-widget elementor-widget-text-editor\" data-id=\"226ced1\" data-element_type=\"widget\" data-e-type=\"widget\" data-widget_type=\"text-editor.default\">\n\t\t\t\t<div class=\"elementor-widget-container\">\n\t\t\t\t\t\t\t\t\t<p>\u00bb <a href=\"https:\/\/www.ee.usp.br\/proesa\/wp-content\/uploads\/2024\/12\/criterios-concessao-auxilio-discente-1023.pdf\" target=\"_blank\" rel=\"noopener\">Orientaciones para la solicitud, criterios para la concesi\u00f3n y ruta para el reembolso<\/a><\/p><p>\u00bb <a href=\"https:\/\/www.ee.usp.br\/proesa\/wp-content\/uploads\/2025\/02\/discente-formulario-auxilio-proesa.docx\" target=\"_blank\" rel=\"noopener\">Formulario de solicitud de auxilio financiero<\/a><\/p><p>\u00bb <a href=\"https:\/\/www.ee.usp.br\/proesa\/wp-content\/uploads\/2024\/12\/avaliacao-anual-proesa.docx\" target=\"_blank\" rel=\"noopener\">Informe de evaluaci\u00f3n anual del desempe\u00f1o del alumno(a)<\/a><\/p>\t\t\t\t\t\t\t\t<\/div>\n\t\t\t\t<\/div>\n\t\t\t\t\t<\/div>\n\t\t<\/div>\n\t\t\t\t\t<\/div>\n\t\t<\/section>\n\t\t\t\t<section class=\"elementor-section elementor-top-section elementor-element elementor-element-2485b9f elementor-section-boxed elementor-section-height-default elementor-section-height-default\" data-id=\"2485b9f\" data-element_type=\"section\" data-e-type=\"section\">\n\t\t\t\t\t\t<div class=\"elementor-container elementor-column-gap-default\">\n\t\t\t\t\t<div class=\"elementor-column elementor-col-100 elementor-top-column elementor-element elementor-element-2af4e5d\" data-id=\"2af4e5d\" data-element_type=\"column\" data-e-type=\"column\">\n\t\t\t<div class=\"elementor-widget-wrap elementor-element-populated\">\n\t\t\t\t\t\t<div class=\"elementor-element elementor-element-9a8c912 elementor-widget elementor-widget-heading\" data-id=\"9a8c912\" data-element_type=\"widget\" data-e-type=\"widget\" data-widget_type=\"heading.default\">\n\t\t\t\t<div class=\"elementor-widget-container\">\n\t\t\t\t\t<h2 class=\"elementor-heading-title elementor-size-default\">\nProrrogaci\u00f3n de plazo del dep\u00f3sito de la Disertaci\u00f3n o Tesis con base en el Reglamento del Programa \u2013 hasta 90 d\u00edas\n\n<\/h2>\t\t\t\t<\/div>\n\t\t\t\t<\/div>\n\t\t\t\t<div class=\"elementor-element elementor-element-275e372 elementor-widget elementor-widget-text-editor\" data-id=\"275e372\" data-element_type=\"widget\" data-e-type=\"widget\" data-widget_type=\"text-editor.default\">\n\t\t\t\t<div class=\"elementor-widget-container\">\n\t\t\t\t\t\t\t\t\t<p>La pr\u00f3rroga del plazo puede ser solicitada con base en el Reglamento del Programa al cual el curso del alumno est\u00e1 vinculado (solamente para el plazo de dep\u00f3sito \/ tesis, con limitaci\u00f3n de 90 d\u00edas de pr\u00f3rroga).<\/p><p>La solicitud de pr\u00f3rroga debe ser presentada por medio del men\u00fa \u201cSolicitudes\u201d del sistema Janus.<\/p><p><strong>Documentaci\u00f3n que debe ser presentada:<\/strong><\/p><p>\u00bb Solicitud firmada por el alumno y con opini\u00f3n justificada del orientador, dirigido a la CCP, acompa\u00f1ado de la justificaci\u00f3n consistente al respecto de la necesidad de pr\u00f3rroga del plazo;<\/p><p>\u00bb Informe referente al estado actual de la Disertaci\u00f3n o Tesis. Si no concluyo con la colecta de datos, informar:<\/p><p>&#8211; Tama\u00f1o de la muestra ya colectada y el total que se pretende colectar en el periodo solicitado;<\/p><p>&#8211; Fecha de inicio de la colecta;<\/p><p>&#8211; Individuos reclutados por mes;<\/p><p>&#8211; An\u00e1lisis de los datos ya recolectados que demuestren la necesidad de continuar con la colecta.<\/p>\t\t\t\t\t\t\t\t<\/div>\n\t\t\t\t<\/div>\n\t\t\t\t\t<\/div>\n\t\t<\/div>\n\t\t\t\t\t<\/div>\n\t\t<\/section>\n\t\t\t\t<section class=\"elementor-section elementor-top-section elementor-element elementor-element-a2b2163 elementor-section-boxed elementor-section-height-default elementor-section-height-default\" data-id=\"a2b2163\" data-element_type=\"section\" data-e-type=\"section\">\n\t\t\t\t\t\t<div class=\"elementor-container elementor-column-gap-default\">\n\t\t\t\t\t<div class=\"elementor-column elementor-col-100 elementor-top-column elementor-element elementor-element-4811679\" data-id=\"4811679\" data-element_type=\"column\" data-e-type=\"column\">\n\t\t\t<div class=\"elementor-widget-wrap elementor-element-populated\">\n\t\t\t\t\t\t<div class=\"elementor-element elementor-element-d6e3b10 elementor-widget elementor-widget-text-editor\" data-id=\"d6e3b10\" data-element_type=\"widget\" data-e-type=\"widget\" data-widget_type=\"text-editor.default\">\n\t\t\t\t<div class=\"elementor-widget-container\">\n\t\t\t\t\t\t\t\t\t<p>Cronograma indicando las actividades que ser\u00e1n desarrolladas hasta el fin del curso, incluyendo el periodo solicitado;<\/p><p>Copia del informe de la Plataforma Brasil con la aprobaci\u00f3n del proyecto;<\/p><p>Copia del expediente del estudiante;<\/p><p>Copia del Curriculum Lattes;<\/p><p>Producci\u00f3n cient\u00edfica del alumno en conjunto con el orientador durante el curso.<br \/><br \/><\/p><p><strong>Adem\u00e1s de la documentaci\u00f3n presentada, ser\u00e1n considerados tambi\u00e9n:<\/strong><\/p><p>Las evaluaciones de desempe\u00f1o del alumno por el orientador medidas por las Evaluaciones Anual \/ Semestral entregados durante el curso;<\/p><p>Acta del Examen de Calificaci\u00f3n (no presentar reprobaci\u00f3n del mismo);<\/p>\t\t\t\t\t\t\t\t<\/div>\n\t\t\t\t<\/div>\n\t\t\t\t\t<\/div>\n\t\t<\/div>\n\t\t\t\t\t<\/div>\n\t\t<\/section>\n\t\t\t\t<\/div>\n\t\t","protected":false},"excerpt":{"rendered":"<p>\u00bb Tutorial \u2013 Solicitud en l\u00ednea Janus \u00bb Solicitud de matr\u00edcula \u2013 Alumno regular \u00bb Plano de estudios \u2013 Maestr\u00eda y Doctorado \u00bb Plano de estudios \u2013 Doctorado Directo \u00bb Declaraci\u00f3n de frecuencia semanal \u2013 SPTrans \u2013 EMTU \u00bb Formulario para el registro como oyente de Examen de calificaci\u00f3n o Defensa de Disertaci\u00f3n \/ Tesis [&hellip;]<\/p>\n","protected":false},"author":1,"featured_media":0,"parent":0,"menu_order":0,"comment_status":"closed","ping_status":"closed","template":"","meta":{"_acf_changed":false,"footnotes":""},"class_list":["post-240","page","type-page","status-publish","hentry"],"acf":[],"_links":{"self":[{"href":"https:\/\/www.ee.usp.br\/proesa\/esp\/wp-json\/wp\/v2\/pages\/240","targetHints":{"allow":["GET"]}}],"collection":[{"href":"https:\/\/www.ee.usp.br\/proesa\/esp\/wp-json\/wp\/v2\/pages"}],"about":[{"href":"https:\/\/www.ee.usp.br\/proesa\/esp\/wp-json\/wp\/v2\/types\/page"}],"author":[{"embeddable":true,"href":"https:\/\/www.ee.usp.br\/proesa\/esp\/wp-json\/wp\/v2\/users\/1"}],"replies":[{"embeddable":true,"href":"https:\/\/www.ee.usp.br\/proesa\/esp\/wp-json\/wp\/v2\/comments?post=240"}],"version-history":[{"count":58,"href":"https:\/\/www.ee.usp.br\/proesa\/esp\/wp-json\/wp\/v2\/pages\/240\/revisions"}],"predecessor-version":[{"id":1308,"href":"https:\/\/www.ee.usp.br\/proesa\/esp\/wp-json\/wp\/v2\/pages\/240\/revisions\/1308"}],"wp:attachment":[{"href":"https:\/\/www.ee.usp.br\/proesa\/esp\/wp-json\/wp\/v2\/media?parent=240"}],"curies":[{"name":"wp","href":"https:\/\/api.w.org\/{rel}","templated":true}]}}