{"id":1330,"date":"2025-02-25T15:38:06","date_gmt":"2025-02-25T18:38:06","guid":{"rendered":"https:\/\/www.ee.usp.br\/proesa\/esp\/?page_id=1330"},"modified":"2025-02-25T15:38:06","modified_gmt":"2025-02-25T18:38:06","slug":"profesor-visitante","status":"publish","type":"page","link":"https:\/\/www.ee.usp.br\/proesa\/esp\/profesor-visitante","title":{"rendered":"Profesor Visitante"},"content":{"rendered":"<p>Destac\u00e1ndose las participaciones internacionales y nacionales en PROESA de varios investigadores de renombrado prestigio en sus respectivas \u00e1reas de conocimiento, conforme son descritos a seguir:<\/p>\n<ul>\n<li><strong>Dr. Jermaine Monk<\/strong><\/li>\n<\/ul>\n<p>IES de origen: Universidad Johns Hopkins (EUA)<\/p>\n<p>Periodo: 23\/04\/2024<\/p>\n<p>Detalles de la visita publicada en la <a href=\"https:\/\/www.ee.usp.br\/proesa\/noticia\/eeusp-recebeu-um-grupo-de-representantes-da-escola-de-enfermagem-da-john-hopkins-university-jhu\">p\u00e1gina de PROESA<\/a>.<\/p>\n<p>&nbsp;<\/p>\n<ul>\n<li><strong>Kevin Woo<\/strong><\/li>\n<\/ul>\n<p>IES de origen: Universidad Queen\u2019s de Kingston &#8211; Canad\u00e1<\/p>\n<p>Actividades: Participaci\u00f3n en disciplinas de posgrado, evento cient\u00edfico y discusi\u00f3n de proyectos de investigaci\u00f3n relacionados a las terapias t\u00f3picas.<\/p>\n<p>Periodo: 06-17\/12\/2015<\/p>\n<p>&nbsp;<\/p>\n<ul>\n<li><strong>Per Sjogren<\/strong><\/li>\n<\/ul>\n<p>IES de origen: Universidad de Copenhague \u2013 Dinamarca<\/p>\n<p>Actividades: Participaci\u00f3n en cursos de extensi\u00f3n, evaluaci\u00f3n y discusi\u00f3n de proyectos de investigaci\u00f3n relacionados al dolor y cuidados paliativos.<\/p>\n<p>Periodo: 18\/09 \u2013 25\/09\/2015<\/p>\n<p>&nbsp;<\/p>\n<ul>\n<li><strong>Geanna Kurita<\/strong><\/li>\n<\/ul>\n<p>IES de origen: Universidad de Copenhague \u2013 Dinamarca<\/p>\n<p>Actividades: Participaci\u00f3n en cursos de extensi\u00f3n, evaluaci\u00f3n y discusi\u00f3n de proyectos de investigaci\u00f3n relacionados al dolor y cuidados paliativos.<\/p>\n<p>Periodo: 18\/09 \u2013 25\/09\/2015<\/p>\n<p>&nbsp;<\/p>\n<ul>\n<li><strong>Allison Patricia Squires<\/strong><\/li>\n<\/ul>\n<p>IES de origen: Facultad de Enfermer\u00eda, Universidad de Nueva York, EUA.<\/p>\n<p>Actividades: Participaci\u00f3n en cursos de extensi\u00f3n, evaluaci\u00f3n y discusi\u00f3n de proyectos de investigaci\u00f3n relacionados a la seguridad del paciente.<\/p>\n<p>Periodo: 27\/04 -08\/05\/2015<\/p>\n<p>&nbsp;<\/p>\n<ul>\n<li><strong>Simon Andrew Jones<\/strong><\/li>\n<\/ul>\n<p>IES de origen: Facultad de Ciencias de la Salud, Universidad de Surrey, Inglaterra.<\/p>\n<p>Actividades: Participaci\u00f3n en cursos de extensi\u00f3n, evaluaci\u00f3n y discusi\u00f3n de proyectos de investigaci\u00f3n relacionados a la seguridad del paciente.<\/p>\n<p>Periodo: 27\/04 -08\/05\/2015<\/p>\n","protected":false},"excerpt":{"rendered":"<p>Destac\u00e1ndose las participaciones internacionales y nacionales en PROESA de varios investigadores de renombrado prestigio en sus respectivas \u00e1reas de conocimiento, conforme son descritos a seguir: Dr. Jermaine Monk IES de origen: Universidad Johns Hopkins (EUA) Periodo: 23\/04\/2024 Detalles de la visita publicada en la p\u00e1gina de PROESA. &nbsp; Kevin Woo IES de origen: Universidad Queen\u2019s [&hellip;]<\/p>\n","protected":false},"author":4,"featured_media":0,"parent":0,"menu_order":0,"comment_status":"closed","ping_status":"closed","template":"","meta":{"_acf_changed":false,"footnotes":""},"class_list":["post-1330","page","type-page","status-publish","hentry"],"acf":[],"_links":{"self":[{"href":"https:\/\/www.ee.usp.br\/proesa\/esp\/wp-json\/wp\/v2\/pages\/1330","targetHints":{"allow":["GET"]}}],"collection":[{"href":"https:\/\/www.ee.usp.br\/proesa\/esp\/wp-json\/wp\/v2\/pages"}],"about":[{"href":"https:\/\/www.ee.usp.br\/proesa\/esp\/wp-json\/wp\/v2\/types\/page"}],"author":[{"embeddable":true,"href":"https:\/\/www.ee.usp.br\/proesa\/esp\/wp-json\/wp\/v2\/users\/4"}],"replies":[{"embeddable":true,"href":"https:\/\/www.ee.usp.br\/proesa\/esp\/wp-json\/wp\/v2\/comments?post=1330"}],"version-history":[{"count":2,"href":"https:\/\/www.ee.usp.br\/proesa\/esp\/wp-json\/wp\/v2\/pages\/1330\/revisions"}],"predecessor-version":[{"id":1332,"href":"https:\/\/www.ee.usp.br\/proesa\/esp\/wp-json\/wp\/v2\/pages\/1330\/revisions\/1332"}],"wp:attachment":[{"href":"https:\/\/www.ee.usp.br\/proesa\/esp\/wp-json\/wp\/v2\/media?parent=1330"}],"curies":[{"name":"wp","href":"https:\/\/api.w.org\/{rel}","templated":true}]}}