{"id":1075,"date":"2023-06-28T16:26:52","date_gmt":"2023-06-28T19:26:52","guid":{"rendered":"https:\/\/www.ee.usp.br\/proesa\/esp\/?page_id=1075"},"modified":"2025-02-26T09:43:23","modified_gmt":"2025-02-26T12:43:23","slug":"noticias","status":"publish","type":"page","link":"https:\/\/www.ee.usp.br\/proesa\/esp\/noticias","title":{"rendered":"Noticias"},"content":{"rendered":"<p>9 de diciembre de 2024 | Daiana Terra Nacer, egresada del Doctorado de PROESA, participa en una mesa redonda en el \u201cVII Congreso Nacional del Consejo Espa\u00f1ol de Reanimaci\u00f3n\u201d<\/p>\n<p>4 de diciembre de 2024 | La profesora Marina de G\u00f3es Salvetti visit\u00f3 la Universidad de los Andes (Chile)<\/p>\n<p>2 de diciembre de 2024 | Convocatoria EE N\u00b0 71\/2024 &#8211; Proceso de selecci\u00f3n para cubrir una (1) beca del Programa Institucional de Postdoctorado de la CAPES (PIPD\/CAPES)<\/p>\n<p>12 de agosto de 2024 | Proceso de Selecci\u00f3n \u2013 Programa de Posgrado en Enfermer\u00eda en Salud del Adulto (PROESA) \u2013 1er semestre de 2025<\/p>\n<p>23 de mayo de 2024 | Llamada interna 2024.02 \u2013 Apoyo financiero para docentes de PROESA para la traducci\u00f3n de art\u00edculos cient\u00edficos<\/p>\n<p>23 de mayo de 2024 | Llamada interna 2024.01 \u2013 Apoyo financiero para la colecta de datos o trabajos de campo de investigaciones para alumnos de PROESA<\/p>\n<p>20 de mayo de 2024 | Vivir la esencia de Florence Nightingale: un hito en la trayectoria de la enfermer\u00eda<\/p>\n<p>23 de abril de 2024 | La EEUSP recibi\u00f3 a un grupo de representantes de la Escuela de Enfermer\u00eda de la Universidad John Hopkins (JHU)<\/p>\n<p>16 de abril de 2024 | Trabajo de alumna de PROESA es premiado por ISPOR Chile (Sociedad de Econom\u00eda de la Salud e Investigaci\u00f3n de Resultados)<\/p>\n<p>15 de abril de 2024 | Art\u00edculo de egresado y orientador de PROESA es destacado entre los 20 ensayos cl\u00ednicos m\u00e1s relevantes sobre trasplante hep\u00e1tico<\/p>\n<p>4 de abril de 2024 | Alumnos del convenio DINTER PROESA\/UANDES(Chile) realizan EQ en la EEUSP<\/p>\n<p>6 de marzo de 2024 | Proceso de Selecci\u00f3n \u2013 Programa de Posgrado en Enfermer\u00eda en Salud del Adulto (PROESA) \u2013 2do semestre de 2024<\/p>\n<p>27 de noviembre de 2023 | Llamada interna 2023.02 &#8211; Apoyo financiero para la colecta de datos o trabajos de campo de investigaciones de alumnos de PROESA<\/p>\n<p>28 de febrero de 2023 | Llamada Interna 2023.01 &#8211; Apoyo financiero para la colecta de datos o trabajos de campo de investigaciones de alumnos de PROESA<\/p>\n<p>18 de enero de 2023 | IV Seminario Internacional de Salud del Adulto \u2013 SISA<\/p>\n<p>14 de diciembre de 2022 | Llamada Interna 2022.04 \u2013 Apoyo financiero para docentes de PROESA para la traducci\u00f3n de art\u00edculos cient\u00edficos 14\/12\/2022<\/p>\n<p>12 de septiembre de 2022 | Llamada Interna 2022.03 \u2013 Apoyo financiero para la colecta de datos o trabajo de campo de investigaciones de alumnos de PROESA<\/p>\n<p>16 de agosto de 2022 | Proceso de Selecci\u00f3n \u2013 Programa de Posgrado en Enfermer\u00eda en Salud del Adulto (PROESA) \u2013 1er semestre de 2023<\/p>\n<p>30 de marzo de 2022 | Llamada Interna 2022.01 &#8211; Apoyo financiero para la colecta de datos o trabajo de campo de investigaciones de alumnos de PROESA<\/p>\n<p>28 de marzo de 2022 | Llamada Interna 2022.02 \u2013 Apoyo financiero para docentes de PROESA para la traducci\u00f3n de art\u00edculos cient\u00edficos<\/p>\n<p>16 de marzo de 2022 | Proceso de Selecci\u00f3n \u2013 Programa de Posgrado en Enfermer\u00eda en Salud del Adulto (PROESA) \u2013 2do semestre de 2022<\/p>\n<p>16 de marzo de 2022 | Proceso de Selecci\u00f3n \u2013 Programa de Posgrado en Enfermer\u00eda en Salud del Adulto (PROESA) \u2013 2do semestre de 2023<\/p>\n<p>21 de febrero de 2022 | V PROESA Summer<\/p>\n<p>22 de agosto de 2021 | Proceso de Selecci\u00f3n \u2013 Programa de Posgrado en Enfermer\u00eda en Salud del Adulto (PROESA) \u2013 1er semestre de 2022<\/p>\n<p>25 de mayo de 2021 | Llamada Interna 2021.01 \u2013 Apoyo financiero para la colecta de datos o trabajos de campo de investigaciones de alumnos de PROESA<\/p>\n<p>25 de mayo de 2021 | Llamada Interna 2021.02 \u2013 Apoyo financiero para docentes de PROESA para la traducci\u00f3n de art\u00edculos cient\u00edficos<\/p>\n<p>5 de marzo de 2021 | Proceso de Selecci\u00f3n \u2013 Programa de Posgrado en Enfermer\u00eda en Salud del Adulto (PROESA) \u2013 2do semestre de 2021<\/p>\n<p>4 de marzo de 2021 | Proceso de Selecci\u00f3n \u2013 Curso de Doctorado Interinstitucional (DINTER) EEUSP y Universidad de Los Andes \u2013 1er semestre de 2021<\/p>\n<p>16 de septiembre de 2020 | Llamada Interna 2020.03 \u2013 Apoyo financiero para la colecta de datos o trabajos de campo de investigaciones para alumnos de PROESA<\/p>\n<p>12 de agosto de 2020 | Proceso de Selecci\u00f3n \u2013 Programa de Posgrado en Enfermer\u00eda en Salud del Adulto (PROESA) \u2013 1er semestre de 2021<\/p>\n<p>13 de mayo de 2020 | V\u00eddeo del \u201cGrupo de Investigaci\u00f3n en Estomaterapia \u2013 GPET\u201d recibe el Premio USP de V\u00eddeo de Posgrado en la lucha contra el COVID-19, Convocatoria PRPG 12\/2020<\/p>\n<p>13 de mayo de 2020 | Llamada Interna 2020.02 \u2013 Apoyo financiero para docentes de PROESA para la traducci\u00f3n de art\u00edculos cient\u00edficos<\/p>\n<p>11 de marzo de 2020 | Proceso de Selecci\u00f3n \u2013 Programa de Posgrado en Enfermer\u00eda en Salud del Adulto (PROESA) \u2013 2do semestre de 2020 CANCELADO<\/p>\n<p>11 de febrero de 2020 | Llamada Interna 2020.01 \u2013 Apoyo financiero para la colecta de datos o trabajo de campo de investigaciones para alumnos de PROESA<\/p>\n<p>18 de septiembre de 2019 | Convocatoria EE N\u00b0 113\/2019, Proceso de Selecci\u00f3n destinado a cubrir una (1) beca del Programa Nacional de Posdoctorado de la CAPES (PNPD\/CAPES)<\/p>\n<p>13 de agosto de 2019 | Convocatoria EE N\u00b0 84\/2019, Proceso de Selecci\u00f3n destinado a cubrir una (1) beca del Programa Nacional de Posdoctorado de la CAPES (PNPD\/CAPES) \u2013 CANCELADO<\/p>\n<p>13 de agosto de 2019 | Proceso de Selecci\u00f3n \u2013 Programa de Posgrado en Enfermer\u00eda en Salud del Adulto (PROESA) \u2013 1er semestre de 2020<\/p>\n<p>6 de agosto de 2019 | Profa. Vera L\u00facia Concei\u00e7\u00e3o de Gouveia Santos de PROESA recibi\u00f3 un premio del Consejo Mundial de Terapeutas Enterostomales\u00ae \u2013 WCET<\/p>\n<p>2 de mayo de 2019 | Premio a la investigaci\u00f3n de la Asociaci\u00f3n Europea de Cuidados Paliativos (EAPC)<\/p>\n<p>15 de abril de 2019 | Pol\u00edtica de Acceso Abierto a las Publicaciones Provenientes de Becas y Ayudas de la FAPESP<\/p>\n<p>13 de marzo de 2019 | Proceso de Selecci\u00f3n \u2013 Programa de Posgrado en Enfermer\u00eda en Salud del Adulto (PROESA) \u2013 2do semestre de 2019<\/p>\n<p>15 de enero de 2019 | II Programa de Verano PROESA<\/p>\n<p>30 de octubre de 2019 | Llamada Interna 2018.03 \u2013 Apoyo financiero para la colecta de datos o trabajo de campo de investigaciones de alumnos de PROESA<\/p>\n<p>22 de octubre de 2018 | Proceso de Selecci\u00f3n &#8211; Curso de Doctorado Interinstitucional (DINTER) USP y Universidad Federal del Amazonas \u2013 1er semestre de 2019<\/p>\n<p>27 de agosto de 2018 | Proceso de Selecci\u00f3n \u2013 Programa de Posgrado en Enfermer\u00eda en Salud del Adulto (PROESA) \u2013 1er semestre de 2019<\/p>\n<p>20 de abril de 2018 | Alumnos de PROESA reciben premio de mejor trabajo en el Congreso de la AORN<\/p>\n<p>15 de marzo de 2018 | Proceso de Selecci\u00f3n \u2013 Programa de Posgrado en Enfermer\u00eda en Salud del Adulto (PROESA) \u2013 2do semestre de 2018<\/p>\n<p>5 de marzo de 2018 | Convocatoria EE N\u00b0. 05\/2018 &#8211; Proceso de Selecci\u00f3n destinado a cubrir dos (2) becas del Programa Nacional de Posdoctorado de la Coordinaci\u00f3n de Perfeccionamiento de Personas de Nivel Superior (PNPD\/CAPES)<\/p>\n<p>23 de enero de 2018 | Llamada Interna 2018.02 \u2013 Apoyo financiero para docentes de PROESA para la traducci\u00f3n de art\u00edculos cient\u00edficos<\/p>\n<p>16 de enero de 2018 | Llamada Interna 2018.01 \u2013 Apoyo financiero para la colecta de datos o trabajo de campo de investigaciones de alumnos de PROESA<\/p>\n<p>8 de enero de 2018 | I Programa de Verano PROESA<\/p>\n<p>11 de diciembre de 2017 | Proceso de Selecci\u00f3n \u2013 Programa de Posgrado en Enfermer\u00eda en Salud del Adulto (PROESA) \u2013 1er semestre de 2018<\/p>\n<p>23 de noviembre de 2017 | Aplicaci\u00f3n OrtogApp<\/p>\n<p>9 de noviembre de 2017 | Llamada Interna 2017.02 \u2013 Apoyo financiero para docentes de PROESA para la traducci\u00f3n de art\u00edculos cient\u00edficos<\/p>\n<p>8 de noviembre de 2017 | Llamada Interna 2017.01 \u2013 Apoyo financiero para la colecta de datos o trabajo de campo de investigaciones de alumnos de PROESA<\/p>\n<p>19 de octubre de 2017 | Alumno de doctorado del Programa de Posgrado en Enfermer\u00eda en Salud del Adulto (PROESA) de la EEUSP, Paulo Roberto Laranjeira, fue elegido como Coordinador del Comit\u00e9 Brasilero de Normas T\u00e9cnicas en Esterilizaci\u00f3n de Productos para salud (CE-26:090.01) de la ABNT<\/p>\n<p>12 de junio de 2017 | \u00a1Alumno de la profesora Vilanice Alves de Araujo P\u00fcschel gan\u00f3 el premio Za\u00edra Cintra Vidal!<\/p>\n<p>10 de abril de 2017 | \u00a1Alumno p\u00fablica investigaci\u00f3n en el Peri\u00f3dico FAPEAM de Amazonas!<\/p>\n<p>20 de marzo de 2017 | Proceso de Selecci\u00f3n para el ingreso en el Programa de Posgrado en Enfermer\u00eda en Salud del Adulto (PROESA) \u2013 2do semestre de 2017<\/p>\n<p>17 de marzo de 2017 | \u201cProfesora visitante Christine Norton\u201d<\/p>\n<p>14 de marzo de 2017 | 1er Seminario Internacional de Salud del Adulto<\/p>\n<p>20 de enero de 2017 | Abertura de la convocatoria EE N\u00b0. 01\/2017 &#8211; Proceso de Selecci\u00f3n destinado a cubrir una (1) beca del Programa Nacional de Posdoctorado de la Coordinaci\u00f3n de Perfeccionamiento de Personas de Nivel Superior (PNPD\/CAPES)<\/p>\n<p>15 de diciembre de 2016 | Proceso de Selecci\u00f3n \u2013 Programa de Posgrado en Enfermer\u00eda en Salud del Adulto (PROESA) \u2013 1er semestre de 2017 \u2013 Lista de aprobados<\/p>\n<p>24 de noviembre de 2016 | Alumno de PROESA gana premio en el Congreso Panamericano de Trauma<\/p>\n<p>19 de agosto de 2016 | El grupo de investigaci\u00f3n PROESA EEUSP \u201cControl de infecciones relacionadas con procedimientos de atenci\u00f3n de salud: Subgrupo de Material Central y Esterilizaci\u00f3n\u201d, coordinado por la Profa. Kazuko Uchikawa Graziano, abraza el programa USP 2024.<\/p>\n<p>6 de abril de 2016 | Participaci\u00f3n de las Profas. Katio Grillo Padilha y Lilia de Souza Nogueira en el \u201cTaller Internacional Nuevas perspectivas en el uso del Nursing Activities Score (NAS)\u201d realizado en Canad\u00e1 en marzo de 2016<\/p>\n<p>26 de enero de 2016 | Homenaje a la Doctora Cibele Andruccioli de Mattos Pimenta en el XII CBDor<\/p>\n<p>24 de marzo de 2014 | PROESA RECIBE CALIFICACI\u00d3N 7 EN LA EVALUACI\u00d3N CAPES \u2013 Trienio 2010-2012<\/p>\n","protected":false},"excerpt":{"rendered":"<p>9 de diciembre de 2024 | Daiana Terra Nacer, egresada del Doctorado de PROESA, participa en una mesa redonda en el \u201cVII Congreso Nacional del Consejo Espa\u00f1ol de Reanimaci\u00f3n\u201d 4 de diciembre de 2024 | La profesora Marina de G\u00f3es Salvetti visit\u00f3 la Universidad de los Andes (Chile) 2 de diciembre de 2024 | Convocatoria [&hellip;]<\/p>\n","protected":false},"author":1,"featured_media":0,"parent":0,"menu_order":0,"comment_status":"closed","ping_status":"closed","template":"","meta":{"_acf_changed":false,"footnotes":""},"class_list":["post-1075","page","type-page","status-publish","hentry"],"acf":[],"_links":{"self":[{"href":"https:\/\/www.ee.usp.br\/proesa\/esp\/wp-json\/wp\/v2\/pages\/1075","targetHints":{"allow":["GET"]}}],"collection":[{"href":"https:\/\/www.ee.usp.br\/proesa\/esp\/wp-json\/wp\/v2\/pages"}],"about":[{"href":"https:\/\/www.ee.usp.br\/proesa\/esp\/wp-json\/wp\/v2\/types\/page"}],"author":[{"embeddable":true,"href":"https:\/\/www.ee.usp.br\/proesa\/esp\/wp-json\/wp\/v2\/users\/1"}],"replies":[{"embeddable":true,"href":"https:\/\/www.ee.usp.br\/proesa\/esp\/wp-json\/wp\/v2\/comments?post=1075"}],"version-history":[{"count":2,"href":"https:\/\/www.ee.usp.br\/proesa\/esp\/wp-json\/wp\/v2\/pages\/1075\/revisions"}],"predecessor-version":[{"id":1359,"href":"https:\/\/www.ee.usp.br\/proesa\/esp\/wp-json\/wp\/v2\/pages\/1075\/revisions\/1359"}],"wp:attachment":[{"href":"https:\/\/www.ee.usp.br\/proesa\/esp\/wp-json\/wp\/v2\/media?parent=1075"}],"curies":[{"name":"wp","href":"https:\/\/api.w.org\/{rel}","templated":true}]}}